{"id":106,"date":"2025-10-06T17:21:23","date_gmt":"2025-10-06T17:21:23","guid":{"rendered":"https:\/\/dc-distribution.pro\/?post_type=product&#038;p=106"},"modified":"2025-10-07T07:12:48","modified_gmt":"2025-10-07T07:12:48","slug":"palmolive-gel-douche-irresistible-softness-500ml","status":"publish","type":"product","link":"https:\/\/dc-distribution.pro\/?product=palmolive-gel-douche-irresistible-softness-500ml","title":{"rendered":"PALMOLIVE GEL DOUCHE IRRESISTIBLE SOFTNESS 500ML"},"content":{"rendered":"<p>\ud83d\udec1 <strong data-start=\"150\" data-end=\"203\">Palmolive Gel Douche Irresistible Softness 500 ml<\/strong><br data-start=\"203\" data-end=\"206\" \/>Offrez \u00e0 votre client\u00e8le une <strong data-start=\"235\" data-end=\"268\">exp\u00e9rience sensorielle unique<\/strong> avec ce gel douche \u00e0 la <strong data-start=\"293\" data-end=\"314\">texture onctueuse<\/strong> et au <strong data-start=\"321\" data-end=\"339\">parfum d\u00e9licat<\/strong> \ud83c\udf38\u2728. Formul\u00e9 pour <strong data-start=\"358\" data-end=\"389\">hydrater et adoucir la peau<\/strong>, il laisse une sensation de <strong data-start=\"418\" data-end=\"467\">douceur irr\u00e9sistible apr\u00e8s chaque utilisation<\/strong>.<br data-start=\"468\" data-end=\"471\" \/>Tr\u00e8s populaire \u00e0 l\u2019international, la marque Palmolive est synonyme de <strong data-start=\"541\" data-end=\"587\">qualit\u00e9, bien-\u00eatre et plaisir au quotidien<\/strong>.<br data-start=\"588\" data-end=\"591\" \/>Le format g\u00e9n\u00e9reux de 500 ml est id\u00e9al pour un usage familial ou personnel, faisant de ce produit un <strong data-start=\"692\" data-end=\"732\">incontournable \u00e0 proposer en magasin<\/strong>.<\/p>\n","protected":false},"excerpt":{"rendered":"<div class=\"wp-block-woocommerce-product-price\" data-block-name=\"woocommerce\/product-price\" data-font-size=\"large\" data-is-descendent-of-single-product-template=\"true\">Carton de 12 : 6 600 FHT<\/div>\n<div class=\"wp-block-post-excerpt\">\n<p class=\"wp-block-post-excerpt__excerpt\">TGC: 22%<\/p>\n<\/div>\n","protected":false},"featured_media":107,"comment_status":"open","ping_status":"closed","template":"","meta":[],"product_brand":[30],"product_cat":[25,23],"product_tag":[],"class_list":{"0":"post-106","1":"product","2":"type-product","3":"status-publish","4":"has-post-thumbnail","6":"product_brand-palmolive","7":"product_cat-hygienes-corporelles","8":"product_cat-produits-dhygienes","10":"first","11":"instock","12":"taxable","13":"shipping-taxable","14":"product-type-simple"},"jetpack_sharing_enabled":true,"_links":{"self":[{"href":"https:\/\/dc-distribution.pro\/index.php?rest_route=\/wp\/v2\/product\/106","targetHints":{"allow":["GET"]}}],"collection":[{"href":"https:\/\/dc-distribution.pro\/index.php?rest_route=\/wp\/v2\/product"}],"about":[{"href":"https:\/\/dc-distribution.pro\/index.php?rest_route=\/wp\/v2\/types\/product"}],"replies":[{"embeddable":true,"href":"https:\/\/dc-distribution.pro\/index.php?rest_route=%2Fwp%2Fv2%2Fcomments&post=106"}],"wp:featuredmedia":[{"embeddable":true,"href":"https:\/\/dc-distribution.pro\/index.php?rest_route=\/wp\/v2\/media\/107"}],"wp:attachment":[{"href":"https:\/\/dc-distribution.pro\/index.php?rest_route=%2Fwp%2Fv2%2Fmedia&parent=106"}],"wp:term":[{"taxonomy":"product_brand","embeddable":true,"href":"https:\/\/dc-distribution.pro\/index.php?rest_route=%2Fwp%2Fv2%2Fproduct_brand&post=106"},{"taxonomy":"product_cat","embeddable":true,"href":"https:\/\/dc-distribution.pro\/index.php?rest_route=%2Fwp%2Fv2%2Fproduct_cat&post=106"},{"taxonomy":"product_tag","embeddable":true,"href":"https:\/\/dc-distribution.pro\/index.php?rest_route=%2Fwp%2Fv2%2Fproduct_tag&post=106"}],"curies":[{"name":"wp","href":"https:\/\/api.w.org\/{rel}","templated":true}]}}