{"id":115,"date":"2025-10-06T17:45:05","date_gmt":"2025-10-06T17:45:05","guid":{"rendered":"https:\/\/dc-distribution.pro\/?post_type=product&#038;p=115"},"modified":"2025-10-06T17:45:51","modified_gmt":"2025-10-06T17:45:51","slug":"palmolive-shampoo-sante-brillance-huile-damandelait-600ml","status":"publish","type":"product","link":"https:\/\/dc-distribution.pro\/?product=palmolive-shampoo-sante-brillance-huile-damandelait-600ml","title":{"rendered":"PALMOLIVE SHAMPOO SANTE BRILLANCE HUILE D&rsquo;AMANDE&#038;LAIT 600ML"},"content":{"rendered":"<p>\ud83d\udc86\u200d\u2640\ufe0f <strong data-start=\"170\" data-end=\"240\">Palmolive Shampoo Sant\u00e9 &amp; Brillance \u2013 Huile d\u2019Amande &amp; Lait 600 ml<\/strong><br data-start=\"240\" data-end=\"243\" \/>Un shampooing doux et nourrissant \u00e0 base d\u2019<strong data-start=\"286\" data-end=\"304\">huile d\u2019amande<\/strong> et de <strong data-start=\"311\" data-end=\"327\">lait naturel<\/strong> \ud83e\udd5b\ud83c\udf3f, con\u00e7u pour <strong data-start=\"345\" data-end=\"379\">apporter brillance et vitalit\u00e9<\/strong> aux cheveux tout en respectant leur \u00e9quilibre naturel. Sa formule soyeuse nettoie d\u00e9licatement, laissant la chevelure <strong data-start=\"498\" data-end=\"539\">souple, brillante et facile \u00e0 coiffer<\/strong>.<br data-start=\"540\" data-end=\"543\" \/>Tr\u00e8s appr\u00e9ci\u00e9 \u00e0 l\u2019international, Palmolive est une marque reconnue pour la <strong data-start=\"618\" data-end=\"670\">qualit\u00e9 et l\u2019efficacit\u00e9 de ses soins capillaires<\/strong>.<br data-start=\"671\" data-end=\"674\" \/>Le format g\u00e9n\u00e9reux de 600 ml est id\u00e9al pour une utilisation familiale ou fr\u00e9quente, faisant de ce produit un <strong data-start=\"783\" data-end=\"822\">indispensable \u00e0 proposer en magasin<\/strong>.<\/p>\n","protected":false},"excerpt":{"rendered":"<div class=\"wp-block-woocommerce-product-price\" data-block-name=\"woocommerce\/product-price\" data-font-size=\"large\" data-is-descendent-of-single-product-template=\"true\">Carton de 6 : 3 300FHT<\/div>\n<div class=\"wp-block-post-excerpt\">\n<p class=\"wp-block-post-excerpt__excerpt\">TGC: 11%<\/p>\n<\/div>\n","protected":false},"featured_media":116,"comment_status":"open","ping_status":"closed","template":"","meta":[],"product_brand":[30],"product_cat":[23,26],"product_tag":[],"class_list":{"0":"post-115","1":"product","2":"type-product","3":"status-publish","4":"has-post-thumbnail","6":"product_brand-palmolive","7":"product_cat-produits-dhygienes","8":"product_cat-shampoings-apres-shampoings","10":"first","11":"instock","12":"taxable","13":"shipping-taxable","14":"product-type-simple"},"jetpack_sharing_enabled":true,"_links":{"self":[{"href":"https:\/\/dc-distribution.pro\/index.php?rest_route=\/wp\/v2\/product\/115","targetHints":{"allow":["GET"]}}],"collection":[{"href":"https:\/\/dc-distribution.pro\/index.php?rest_route=\/wp\/v2\/product"}],"about":[{"href":"https:\/\/dc-distribution.pro\/index.php?rest_route=\/wp\/v2\/types\/product"}],"replies":[{"embeddable":true,"href":"https:\/\/dc-distribution.pro\/index.php?rest_route=%2Fwp%2Fv2%2Fcomments&post=115"}],"wp:featuredmedia":[{"embeddable":true,"href":"https:\/\/dc-distribution.pro\/index.php?rest_route=\/wp\/v2\/media\/116"}],"wp:attachment":[{"href":"https:\/\/dc-distribution.pro\/index.php?rest_route=%2Fwp%2Fv2%2Fmedia&parent=115"}],"wp:term":[{"taxonomy":"product_brand","embeddable":true,"href":"https:\/\/dc-distribution.pro\/index.php?rest_route=%2Fwp%2Fv2%2Fproduct_brand&post=115"},{"taxonomy":"product_cat","embeddable":true,"href":"https:\/\/dc-distribution.pro\/index.php?rest_route=%2Fwp%2Fv2%2Fproduct_cat&post=115"},{"taxonomy":"product_tag","embeddable":true,"href":"https:\/\/dc-distribution.pro\/index.php?rest_route=%2Fwp%2Fv2%2Fproduct_tag&post=115"}],"curies":[{"name":"wp","href":"https:\/\/api.w.org\/{rel}","templated":true}]}}