{"id":118,"date":"2025-10-06T17:50:41","date_gmt":"2025-10-06T17:50:41","guid":{"rendered":"https:\/\/dc-distribution.pro\/?post_type=product&#038;p=118"},"modified":"2025-10-06T17:50:41","modified_gmt":"2025-10-06T17:50:41","slug":"palmolive-shampoo-hydratant-rose-180ml","status":"publish","type":"product","link":"https:\/\/dc-distribution.pro\/?product=palmolive-shampoo-hydratant-rose-180ml","title":{"rendered":"PALMOLIVE SHAMPOO HYDRATANT ROSE 180ML"},"content":{"rendered":"<p>\ud83d\udc86\u200d\u2640\ufe0f <strong data-start=\"143\" data-end=\"186\">Palmolive Shampoo Hydratant Rose 180 ml<\/strong><br data-start=\"186\" data-end=\"189\" \/>Un shampooing d\u00e9licatement parfum\u00e9 \u00e0 la <strong data-start=\"229\" data-end=\"237\">rose<\/strong>, con\u00e7u pour <strong data-start=\"250\" data-end=\"285\">hydrater et adoucir les cheveux<\/strong> \ud83c\udf38\u2728. Sa formule douce nettoie efficacement tout en pr\u00e9servant l\u2019\u00e9quilibre naturel du cuir chevelu, laissant les cheveux <strong data-start=\"406\" data-end=\"449\">souples, brillants et faciles \u00e0 coiffer<\/strong>.<br data-start=\"450\" data-end=\"453\" \/>Tr\u00e8s appr\u00e9ci\u00e9 \u00e0 l\u2019international, Palmolive est une marque de confiance reconnue pour ses soins capillaires efficaces et sensoriels.<br data-start=\"584\" data-end=\"587\" \/>Le format pratique de 180 ml est id\u00e9al pour la vente \u00e0 l\u2019unit\u00e9, les voyages ou les usages ponctuels \u2014 un <strong data-start=\"692\" data-end=\"735\">produit attractif \u00e0 proposer en magasin<\/strong> pour diversifier votre offre.<\/p>\n","protected":false},"excerpt":{"rendered":"<div class=\"wp-block-woocommerce-product-price\" data-block-name=\"woocommerce\/product-price\" data-font-size=\"large\" data-is-descendent-of-single-product-template=\"true\">Carton de 24 : 5 040FHT<\/div>\n<div class=\"wp-block-post-excerpt\">\n<p class=\"wp-block-post-excerpt__excerpt\">TGC: 11%<\/p>\n<\/div>\n","protected":false},"featured_media":119,"comment_status":"open","ping_status":"closed","template":"","meta":[],"product_brand":[30],"product_cat":[23,26],"product_tag":[],"class_list":{"0":"post-118","1":"product","2":"type-product","3":"status-publish","4":"has-post-thumbnail","6":"product_brand-palmolive","7":"product_cat-produits-dhygienes","8":"product_cat-shampoings-apres-shampoings","10":"first","11":"instock","12":"taxable","13":"shipping-taxable","14":"product-type-simple"},"jetpack_sharing_enabled":true,"_links":{"self":[{"href":"https:\/\/dc-distribution.pro\/index.php?rest_route=\/wp\/v2\/product\/118","targetHints":{"allow":["GET"]}}],"collection":[{"href":"https:\/\/dc-distribution.pro\/index.php?rest_route=\/wp\/v2\/product"}],"about":[{"href":"https:\/\/dc-distribution.pro\/index.php?rest_route=\/wp\/v2\/types\/product"}],"replies":[{"embeddable":true,"href":"https:\/\/dc-distribution.pro\/index.php?rest_route=%2Fwp%2Fv2%2Fcomments&post=118"}],"wp:featuredmedia":[{"embeddable":true,"href":"https:\/\/dc-distribution.pro\/index.php?rest_route=\/wp\/v2\/media\/119"}],"wp:attachment":[{"href":"https:\/\/dc-distribution.pro\/index.php?rest_route=%2Fwp%2Fv2%2Fmedia&parent=118"}],"wp:term":[{"taxonomy":"product_brand","embeddable":true,"href":"https:\/\/dc-distribution.pro\/index.php?rest_route=%2Fwp%2Fv2%2Fproduct_brand&post=118"},{"taxonomy":"product_cat","embeddable":true,"href":"https:\/\/dc-distribution.pro\/index.php?rest_route=%2Fwp%2Fv2%2Fproduct_cat&post=118"},{"taxonomy":"product_tag","embeddable":true,"href":"https:\/\/dc-distribution.pro\/index.php?rest_route=%2Fwp%2Fv2%2Fproduct_tag&post=118"}],"curies":[{"name":"wp","href":"https:\/\/api.w.org\/{rel}","templated":true}]}}