{"id":120,"date":"2025-10-06T18:02:39","date_gmt":"2025-10-06T18:02:39","guid":{"rendered":"https:\/\/dc-distribution.pro\/?post_type=product&#038;p=120"},"modified":"2025-10-06T18:02:39","modified_gmt":"2025-10-06T18:02:39","slug":"palmolive-shampoo-silk-purple-180ml","status":"publish","type":"product","link":"https:\/\/dc-distribution.pro\/?product=palmolive-shampoo-silk-purple-180ml","title":{"rendered":"PALMOLIVE SHAMPOO SILK PURPLE 180ML"},"content":{"rendered":"<p>\ud83d\udc86\u200d\u2640\ufe0f <strong data-start=\"140\" data-end=\"180\">Palmolive Shampoo Silk Purple 180 ml<\/strong><br data-start=\"180\" data-end=\"183\" \/>Un shampooing lissant con\u00e7u pour apporter <strong data-start=\"225\" data-end=\"257\">douceur et brillance soyeuse<\/strong> aux cheveux \u2728. Sa formule enrichie en agents soin nettoie en douceur tout en laissant la chevelure <strong data-start=\"357\" data-end=\"400\">souple, disciplin\u00e9e et facile \u00e0 coiffer<\/strong>, id\u00e9ale pour les cheveux secs ou indisciplin\u00e9s.<br data-start=\"448\" data-end=\"451\" \/>Tr\u00e8s populaire \u00e0 l\u2019international, Palmolive est une marque reconnue pour la <strong data-start=\"527\" data-end=\"554\">qualit\u00e9 et l\u2019efficacit\u00e9<\/strong> de ses soins capillaires.<br data-start=\"580\" data-end=\"583\" \/>Le format 180 ml est parfait pour la vente \u00e0 l\u2019unit\u00e9, les voyages ou une utilisation ponctuelle \u2014 un <strong data-start=\"684\" data-end=\"741\">produit attractif \u00e0 int\u00e9grer \u00e0 votre offre en magasin<\/strong>.<\/p>\n","protected":false},"excerpt":{"rendered":"<div class=\"wp-block-woocommerce-product-price\" data-block-name=\"woocommerce\/product-price\" data-font-size=\"large\" data-is-descendent-of-single-product-template=\"true\">Carton de 24 : 5 040FHT<\/div>\n<div class=\"wp-block-post-excerpt\">\n<p class=\"wp-block-post-excerpt__excerpt\">TGC: 11%<\/p>\n<\/div>\n","protected":false},"featured_media":121,"comment_status":"open","ping_status":"closed","template":"","meta":[],"product_brand":[30],"product_cat":[23,26],"product_tag":[],"class_list":{"0":"post-120","1":"product","2":"type-product","3":"status-publish","4":"has-post-thumbnail","6":"product_brand-palmolive","7":"product_cat-produits-dhygienes","8":"product_cat-shampoings-apres-shampoings","10":"first","11":"instock","12":"taxable","13":"shipping-taxable","14":"product-type-simple"},"jetpack_sharing_enabled":true,"_links":{"self":[{"href":"https:\/\/dc-distribution.pro\/index.php?rest_route=\/wp\/v2\/product\/120","targetHints":{"allow":["GET"]}}],"collection":[{"href":"https:\/\/dc-distribution.pro\/index.php?rest_route=\/wp\/v2\/product"}],"about":[{"href":"https:\/\/dc-distribution.pro\/index.php?rest_route=\/wp\/v2\/types\/product"}],"replies":[{"embeddable":true,"href":"https:\/\/dc-distribution.pro\/index.php?rest_route=%2Fwp%2Fv2%2Fcomments&post=120"}],"wp:featuredmedia":[{"embeddable":true,"href":"https:\/\/dc-distribution.pro\/index.php?rest_route=\/wp\/v2\/media\/121"}],"wp:attachment":[{"href":"https:\/\/dc-distribution.pro\/index.php?rest_route=%2Fwp%2Fv2%2Fmedia&parent=120"}],"wp:term":[{"taxonomy":"product_brand","embeddable":true,"href":"https:\/\/dc-distribution.pro\/index.php?rest_route=%2Fwp%2Fv2%2Fproduct_brand&post=120"},{"taxonomy":"product_cat","embeddable":true,"href":"https:\/\/dc-distribution.pro\/index.php?rest_route=%2Fwp%2Fv2%2Fproduct_cat&post=120"},{"taxonomy":"product_tag","embeddable":true,"href":"https:\/\/dc-distribution.pro\/index.php?rest_route=%2Fwp%2Fv2%2Fproduct_tag&post=120"}],"curies":[{"name":"wp","href":"https:\/\/api.w.org\/{rel}","templated":true}]}}