{"id":124,"date":"2025-10-09T19:35:00","date_gmt":"2025-10-09T19:35:00","guid":{"rendered":"https:\/\/dc-distribution.pro\/?post_type=product&#038;p=124"},"modified":"2025-10-09T19:35:00","modified_gmt":"2025-10-09T19:35:00","slug":"palmolive-shampoo-hydratation-intense-600ml","status":"publish","type":"product","link":"https:\/\/dc-distribution.pro\/?product=palmolive-shampoo-hydratation-intense-600ml","title":{"rendered":"PALMOLIVE SHAMPOO HYDRATATION INTENSE 600ML"},"content":{"rendered":"<p>\ud83d\udc86\u200d\u2640\ufe0f <strong data-start=\"147\" data-end=\"194\">Palmolive Shampoo Intensive Moisture 600 ml<\/strong><br data-start=\"194\" data-end=\"197\" \/>Un shampooing riche et hydratant, sp\u00e9cialement formul\u00e9 pour <strong data-start=\"257\" data-end=\"295\">nourrir les cheveux secs et ab\u00eem\u00e9s<\/strong> \ud83d\udca7\u2728. Gr\u00e2ce \u00e0 sa texture cr\u00e9meuse et ses ingr\u00e9dients adoucissants, il aide \u00e0 <strong data-start=\"372\" data-end=\"426\">restaurer la douceur, la brillance et la souplesse<\/strong> de la chevelure tout en nettoyant en douceur.<br data-start=\"472\" data-end=\"475\" \/>Tr\u00e8s appr\u00e9ci\u00e9 \u00e0 l\u2019international, <strong data-start=\"508\" data-end=\"521\">Palmolive<\/strong> est une marque de confiance reconnue pour ses soins capillaires efficaces et sensoriels.<br data-start=\"610\" data-end=\"613\" \/>Le grand format de 600 ml est id\u00e9al pour un usage familial ou fr\u00e9quent \u2014 un <strong data-start=\"689\" data-end=\"729\">incontournable \u00e0 proposer en magasin<\/strong> pour r\u00e9pondre \u00e0 la demande croissante de soins hydratants et de qualit\u00e9;<\/p>\n","protected":false},"excerpt":{"rendered":"<div class=\"wp-block-woocommerce-product-price\" data-block-name=\"woocommerce\/product-price\" data-font-size=\"large\" data-is-descendent-of-single-product-template=\"true\">Carton de 6 : 3 300 FHT<\/div>\n<div class=\"wp-block-post-excerpt\">\n<p class=\"wp-block-post-excerpt__excerpt\">TGC: 11%<\/p>\n<\/div>\n","protected":false},"featured_media":125,"comment_status":"open","ping_status":"closed","template":"","meta":[],"product_brand":[30],"product_cat":[23,26],"product_tag":[],"class_list":{"0":"post-124","1":"product","2":"type-product","3":"status-publish","4":"has-post-thumbnail","6":"product_brand-palmolive","7":"product_cat-produits-dhygienes","8":"product_cat-shampoings-apres-shampoings","10":"first","11":"instock","12":"taxable","13":"shipping-taxable","14":"product-type-simple"},"jetpack_sharing_enabled":true,"_links":{"self":[{"href":"https:\/\/dc-distribution.pro\/index.php?rest_route=\/wp\/v2\/product\/124","targetHints":{"allow":["GET"]}}],"collection":[{"href":"https:\/\/dc-distribution.pro\/index.php?rest_route=\/wp\/v2\/product"}],"about":[{"href":"https:\/\/dc-distribution.pro\/index.php?rest_route=\/wp\/v2\/types\/product"}],"replies":[{"embeddable":true,"href":"https:\/\/dc-distribution.pro\/index.php?rest_route=%2Fwp%2Fv2%2Fcomments&post=124"}],"wp:featuredmedia":[{"embeddable":true,"href":"https:\/\/dc-distribution.pro\/index.php?rest_route=\/wp\/v2\/media\/125"}],"wp:attachment":[{"href":"https:\/\/dc-distribution.pro\/index.php?rest_route=%2Fwp%2Fv2%2Fmedia&parent=124"}],"wp:term":[{"taxonomy":"product_brand","embeddable":true,"href":"https:\/\/dc-distribution.pro\/index.php?rest_route=%2Fwp%2Fv2%2Fproduct_brand&post=124"},{"taxonomy":"product_cat","embeddable":true,"href":"https:\/\/dc-distribution.pro\/index.php?rest_route=%2Fwp%2Fv2%2Fproduct_cat&post=124"},{"taxonomy":"product_tag","embeddable":true,"href":"https:\/\/dc-distribution.pro\/index.php?rest_route=%2Fwp%2Fv2%2Fproduct_tag&post=124"}],"curies":[{"name":"wp","href":"https:\/\/api.w.org\/{rel}","templated":true}]}}