{"id":126,"date":"2025-10-12T20:21:52","date_gmt":"2025-10-12T20:21:52","guid":{"rendered":"https:\/\/dc-distribution.pro\/?post_type=product&#038;p=126"},"modified":"2025-10-12T20:21:52","modified_gmt":"2025-10-12T20:21:52","slug":"palmolive-shampooing-ultra-lisse-600ml","status":"publish","type":"product","link":"https:\/\/dc-distribution.pro\/?product=palmolive-shampooing-ultra-lisse-600ml","title":{"rendered":"PALMOLIVE SHAMPOOING ULTRA LISSE 600ML"},"content":{"rendered":"<p>\ud83d\udc86\u200d\u2640\ufe0f <strong data-start=\"175\" data-end=\"218\">Palmolive Shampooing Ultra Lisse 600 ml<\/strong><br data-start=\"218\" data-end=\"221\" \/>Un shampooing lissant formul\u00e9 pour offrir des <strong data-start=\"267\" data-end=\"328\">cheveux incroyablement doux, souples et faciles \u00e0 coiffer<\/strong> \ud83c\udf38\u2728. Enrichi en <strong data-start=\"345\" data-end=\"393\">ingr\u00e9dients nourrissants d\u2019origine naturelle<\/strong>, il aide \u00e0 <strong data-start=\"405\" data-end=\"430\">r\u00e9duire les frisottis<\/strong> et \u00e0 <strong data-start=\"436\" data-end=\"470\">apporter une brillance soyeuse<\/strong> d\u00e8s la premi\u00e8re utilisation.<br data-start=\"499\" data-end=\"502\" \/>Tr\u00e8s populaire \u00e0 l\u2019international, la marque <strong data-start=\"546\" data-end=\"559\">Palmolive<\/strong> est reconnue pour la qualit\u00e9 et l\u2019efficacit\u00e9 de ses soins capillaires.<br data-start=\"630\" data-end=\"633\" \/>Le grand format de 600 ml est id\u00e9al pour un <strong data-start=\"677\" data-end=\"708\">usage quotidien ou familial<\/strong>, faisant de ce produit un <strong data-start=\"735\" data-end=\"775\">incontournable \u00e0 proposer en magasin<\/strong> pour s\u00e9duire une client\u00e8le en qu\u00eate de cheveux lisses et \u00e9clatants.<\/p>\n","protected":false},"excerpt":{"rendered":"<div class=\"wp-block-woocommerce-product-price\" data-block-name=\"woocommerce\/product-price\" data-font-size=\"large\" data-is-descendent-of-single-product-template=\"true\">Carton de 6 : 3 300 FHT<\/div>\n<div class=\"wp-block-post-excerpt\">\n<p class=\"wp-block-post-excerpt__excerpt\">TGC: 11%<\/p>\n<\/div>\n","protected":false},"featured_media":127,"comment_status":"open","ping_status":"closed","template":"","meta":[],"product_brand":[30],"product_cat":[23,26],"product_tag":[],"class_list":{"0":"post-126","1":"product","2":"type-product","3":"status-publish","4":"has-post-thumbnail","6":"product_brand-palmolive","7":"product_cat-produits-dhygienes","8":"product_cat-shampoings-apres-shampoings","10":"first","11":"instock","12":"taxable","13":"shipping-taxable","14":"product-type-simple"},"jetpack_sharing_enabled":true,"_links":{"self":[{"href":"https:\/\/dc-distribution.pro\/index.php?rest_route=\/wp\/v2\/product\/126","targetHints":{"allow":["GET"]}}],"collection":[{"href":"https:\/\/dc-distribution.pro\/index.php?rest_route=\/wp\/v2\/product"}],"about":[{"href":"https:\/\/dc-distribution.pro\/index.php?rest_route=\/wp\/v2\/types\/product"}],"replies":[{"embeddable":true,"href":"https:\/\/dc-distribution.pro\/index.php?rest_route=%2Fwp%2Fv2%2Fcomments&post=126"}],"wp:featuredmedia":[{"embeddable":true,"href":"https:\/\/dc-distribution.pro\/index.php?rest_route=\/wp\/v2\/media\/127"}],"wp:attachment":[{"href":"https:\/\/dc-distribution.pro\/index.php?rest_route=%2Fwp%2Fv2%2Fmedia&parent=126"}],"wp:term":[{"taxonomy":"product_brand","embeddable":true,"href":"https:\/\/dc-distribution.pro\/index.php?rest_route=%2Fwp%2Fv2%2Fproduct_brand&post=126"},{"taxonomy":"product_cat","embeddable":true,"href":"https:\/\/dc-distribution.pro\/index.php?rest_route=%2Fwp%2Fv2%2Fproduct_cat&post=126"},{"taxonomy":"product_tag","embeddable":true,"href":"https:\/\/dc-distribution.pro\/index.php?rest_route=%2Fwp%2Fv2%2Fproduct_tag&post=126"}],"curies":[{"name":"wp","href":"https:\/\/api.w.org\/{rel}","templated":true}]}}