{"id":128,"date":"2025-10-12T20:44:45","date_gmt":"2025-10-12T20:44:45","guid":{"rendered":"https:\/\/dc-distribution.pro\/?post_type=product&#038;p=128"},"modified":"2025-10-15T18:28:47","modified_gmt":"2025-10-15T18:28:47","slug":"palmolive-shampooing-soyeux-et-lisse-600-ml","status":"publish","type":"product","link":"https:\/\/dc-distribution.pro\/?product=palmolive-shampooing-soyeux-et-lisse-600-ml","title":{"rendered":"PALMOLIVE SHAMPOOING SOYEUX ET LISSE 600 ML"},"content":{"rendered":"<p>\ud83d\udc86\u200d\u2640\ufe0f <strong data-start=\"147\" data-end=\"193\">Palmolive Shampooing Soyeux &amp; Lisse 600 ml<\/strong><br data-start=\"193\" data-end=\"196\" \/>Un shampooing enrichi en <strong data-start=\"221\" data-end=\"258\">ingr\u00e9dients adoucissants naturels<\/strong> pour des <strong data-start=\"268\" data-end=\"322\">cheveux lisses, brillants et d\u2019une douceur soyeuse<\/strong> \ud83c\udf38\u2728. Sa formule douce nettoie efficacement tout en nourrissant la fibre capillaire, aidant \u00e0 <strong data-start=\"416\" data-end=\"441\">r\u00e9duire les frisottis<\/strong> et \u00e0 <strong data-start=\"447\" data-end=\"472\">faciliter le coiffage<\/strong>.<br data-start=\"473\" data-end=\"476\" \/>Tr\u00e8s appr\u00e9ci\u00e9 \u00e0 l\u2019international, <strong data-start=\"509\" data-end=\"522\">Palmolive<\/strong> est une marque de confiance reconnue pour la qualit\u00e9 et le soin de ses produits capillaires.<br data-start=\"615\" data-end=\"618\" \/>Le format g\u00e9n\u00e9reux de 600 ml est parfait pour un <strong data-start=\"667\" data-end=\"698\">usage quotidien ou familial<\/strong>, un <strong data-start=\"703\" data-end=\"740\">choix id\u00e9al \u00e0 proposer en magasin<\/strong> pour une client\u00e8le \u00e0 la recherche de soins lissants et sensoriels.<\/p>\n","protected":false},"excerpt":{"rendered":"<div class=\"wp-block-woocommerce-product-price\" data-block-name=\"woocommerce\/product-price\" data-font-size=\"large\" data-is-descendent-of-single-product-template=\"true\">Carton de 6 : 3 300 FHT<\/div>\n<div class=\"wp-block-post-excerpt\">\n<p class=\"wp-block-post-excerpt__excerpt\">TGC: 11%<\/p>\n<\/div>\n","protected":false},"featured_media":129,"comment_status":"open","ping_status":"closed","template":"","meta":[],"product_brand":[30],"product_cat":[23,26],"product_tag":[],"class_list":{"0":"post-128","1":"product","2":"type-product","3":"status-publish","4":"has-post-thumbnail","6":"product_brand-palmolive","7":"product_cat-produits-dhygienes","8":"product_cat-shampoings-apres-shampoings","10":"first","11":"instock","12":"taxable","13":"shipping-taxable","14":"product-type-simple"},"jetpack_sharing_enabled":true,"_links":{"self":[{"href":"https:\/\/dc-distribution.pro\/index.php?rest_route=\/wp\/v2\/product\/128","targetHints":{"allow":["GET"]}}],"collection":[{"href":"https:\/\/dc-distribution.pro\/index.php?rest_route=\/wp\/v2\/product"}],"about":[{"href":"https:\/\/dc-distribution.pro\/index.php?rest_route=\/wp\/v2\/types\/product"}],"replies":[{"embeddable":true,"href":"https:\/\/dc-distribution.pro\/index.php?rest_route=%2Fwp%2Fv2%2Fcomments&post=128"}],"wp:featuredmedia":[{"embeddable":true,"href":"https:\/\/dc-distribution.pro\/index.php?rest_route=\/wp\/v2\/media\/129"}],"wp:attachment":[{"href":"https:\/\/dc-distribution.pro\/index.php?rest_route=%2Fwp%2Fv2%2Fmedia&parent=128"}],"wp:term":[{"taxonomy":"product_brand","embeddable":true,"href":"https:\/\/dc-distribution.pro\/index.php?rest_route=%2Fwp%2Fv2%2Fproduct_brand&post=128"},{"taxonomy":"product_cat","embeddable":true,"href":"https:\/\/dc-distribution.pro\/index.php?rest_route=%2Fwp%2Fv2%2Fproduct_cat&post=128"},{"taxonomy":"product_tag","embeddable":true,"href":"https:\/\/dc-distribution.pro\/index.php?rest_route=%2Fwp%2Fv2%2Fproduct_tag&post=128"}],"curies":[{"name":"wp","href":"https:\/\/api.w.org\/{rel}","templated":true}]}}