{"id":137,"date":"2025-10-15T18:26:15","date_gmt":"2025-10-15T18:26:15","guid":{"rendered":"https:\/\/dc-distribution.pro\/?post_type=product&#038;p=137"},"modified":"2025-10-15T18:27:47","modified_gmt":"2025-10-15T18:27:47","slug":"samyang-habanero-hot-chicken-dried-ramen-135g","status":"publish","type":"product","link":"https:\/\/dc-distribution.pro\/?product=samyang-habanero-hot-chicken-dried-ramen-135g","title":{"rendered":"SAMYANG HABANERO HOT CHICKEN DRIED RAMEN 135G"},"content":{"rendered":"<p>\ud83d\udd25 <strong data-start=\"147\" data-end=\"197\">Samyang Habanero Hot Chicken Dried Ramen 135 g<\/strong><br data-start=\"197\" data-end=\"200\" \/>Un ramen cor\u00e9en <strong data-start=\"216\" data-end=\"231\">ultra \u00e9pic\u00e9<\/strong> r\u00e9serv\u00e9 aux amateurs de sensations fortes \ud83c\udf36\ufe0f\ud83d\udd25 ! Cette version au <strong data-start=\"299\" data-end=\"318\">piment habanero<\/strong> combine le go\u00fbt intense du poulet grill\u00e9 \u00e0 une sauce relev\u00e9e et savoureuse, signature de la marque <strong data-start=\"418\" data-end=\"429\">Samyang<\/strong>, c\u00e9l\u00e8bre pour ses nouilles \u201cHot Chicken\u201d virales sur les r\u00e9seaux sociaux.<br data-start=\"503\" data-end=\"506\" \/>Pratique et rapide \u00e0 pr\u00e9parer, ce format 135 g offre une exp\u00e9rience culinaire cor\u00e9enne authentique et tendance.<br data-start=\"617\" data-end=\"620\" \/>Un <strong data-start=\"623\" data-end=\"671\">produit incontournable \u00e0 proposer en magasin<\/strong> pour s\u00e9duire les clients friands de nouveaut\u00e9s piquantes et populaires \u00e0 l\u2019international.<\/p>\n","protected":false},"excerpt":{"rendered":"<div class=\"wp-block-woocommerce-product-price\" data-block-name=\"woocommerce\/product-price\" data-font-size=\"large\" data-is-descendent-of-single-product-template=\"true\">Carton de 30 : 4 500 FHT<\/div>\n<div class=\"wp-block-post-excerpt\">\n<p class=\"wp-block-post-excerpt__excerpt\">TGC: 0%<\/p>\n<\/div>\n","protected":false},"featured_media":134,"comment_status":"open","ping_status":"closed","template":"","meta":[],"product_brand":[36],"product_cat":[35],"product_tag":[],"class_list":{"0":"post-137","1":"product","2":"type-product","3":"status-publish","4":"has-post-thumbnail","6":"product_brand-buldak","7":"product_cat-nouilles-instantannes","9":"first","10":"instock","11":"taxable","12":"shipping-taxable","13":"product-type-simple"},"jetpack_sharing_enabled":true,"_links":{"self":[{"href":"https:\/\/dc-distribution.pro\/index.php?rest_route=\/wp\/v2\/product\/137","targetHints":{"allow":["GET"]}}],"collection":[{"href":"https:\/\/dc-distribution.pro\/index.php?rest_route=\/wp\/v2\/product"}],"about":[{"href":"https:\/\/dc-distribution.pro\/index.php?rest_route=\/wp\/v2\/types\/product"}],"replies":[{"embeddable":true,"href":"https:\/\/dc-distribution.pro\/index.php?rest_route=%2Fwp%2Fv2%2Fcomments&post=137"}],"wp:featuredmedia":[{"embeddable":true,"href":"https:\/\/dc-distribution.pro\/index.php?rest_route=\/wp\/v2\/media\/134"}],"wp:attachment":[{"href":"https:\/\/dc-distribution.pro\/index.php?rest_route=%2Fwp%2Fv2%2Fmedia&parent=137"}],"wp:term":[{"taxonomy":"product_brand","embeddable":true,"href":"https:\/\/dc-distribution.pro\/index.php?rest_route=%2Fwp%2Fv2%2Fproduct_brand&post=137"},{"taxonomy":"product_cat","embeddable":true,"href":"https:\/\/dc-distribution.pro\/index.php?rest_route=%2Fwp%2Fv2%2Fproduct_cat&post=137"},{"taxonomy":"product_tag","embeddable":true,"href":"https:\/\/dc-distribution.pro\/index.php?rest_route=%2Fwp%2Fv2%2Fproduct_tag&post=137"}],"curies":[{"name":"wp","href":"https:\/\/api.w.org\/{rel}","templated":true}]}}