{"id":139,"date":"2025-10-15T18:34:42","date_gmt":"2025-10-15T18:34:42","guid":{"rendered":"https:\/\/dc-distribution.pro\/?post_type=product&#038;p=139"},"modified":"2025-10-15T18:34:42","modified_gmt":"2025-10-15T18:34:42","slug":"samyang-hot-chicken-dried-carbonara-cup-flavor-80g","status":"publish","type":"product","link":"https:\/\/dc-distribution.pro\/?product=samyang-hot-chicken-dried-carbonara-cup-flavor-80g","title":{"rendered":"SAMYANG HOT CHICKEN DRIED CARBONARA CUP FLAVOR 80G"},"content":{"rendered":"<hr data-start=\"169\" data-end=\"172\" \/>\n<p data-start=\"174\" data-end=\"767\">\ud83c\udf5c <strong data-start=\"177\" data-end=\"225\">Samyang Hot Chicken Dried Carbonara Cup 80 g<\/strong><br data-start=\"225\" data-end=\"228\" \/>Une version <strong data-start=\"240\" data-end=\"262\">cr\u00e9meuse et \u00e9pic\u00e9e<\/strong> du c\u00e9l\u00e8bre ramen cor\u00e9en <strong data-start=\"287\" data-end=\"310\">Samyang Hot Chicken<\/strong>, devenue virale sur les r\u00e9seaux sociaux \ud83c\udf36\ufe0f\ud83d\udd25. Ce m\u00e9lange unique de <strong data-start=\"379\" data-end=\"395\">poulet \u00e9pic\u00e9<\/strong> et de <strong data-start=\"402\" data-end=\"431\">sauce carbonara onctueuse<\/strong> offre une exp\u00e9rience gourmande, riche en saveurs et l\u00e9g\u00e8rement relev\u00e9e.<br data-start=\"503\" data-end=\"506\" \/>Pr\u00eate en quelques minutes, la <strong data-start=\"536\" data-end=\"551\">cup de 80 g<\/strong> est id\u00e9ale pour une consommation pratique \u201con the go\u201d.<br data-start=\"606\" data-end=\"609\" \/>Un <strong data-start=\"612\" data-end=\"650\">produit tendance et incontournable<\/strong> \u00e0 proposer en magasin pour attirer les fans de cuisine cor\u00e9enne et les curieux des saveurs virales du moment \ud83c\uddf0\ud83c\uddf7\u2728<\/p>\n","protected":false},"excerpt":{"rendered":"<div class=\"wp-block-woocommerce-product-price\" data-block-name=\"woocommerce\/product-price\" data-font-size=\"large\" data-is-descendent-of-single-product-template=\"true\">Carton de 30 : 4 500 FHT<\/div>\n<div class=\"wp-block-post-excerpt\">\n<p class=\"wp-block-post-excerpt__excerpt\">TGC: 0%<\/p>\n<\/div>\n","protected":false},"featured_media":140,"comment_status":"open","ping_status":"closed","template":"","meta":[],"product_brand":[36],"product_cat":[35],"product_tag":[],"class_list":{"0":"post-139","1":"product","2":"type-product","3":"status-publish","4":"has-post-thumbnail","6":"product_brand-buldak","7":"product_cat-nouilles-instantannes","9":"first","10":"instock","11":"taxable","12":"shipping-taxable","13":"product-type-simple"},"jetpack_sharing_enabled":true,"_links":{"self":[{"href":"https:\/\/dc-distribution.pro\/index.php?rest_route=\/wp\/v2\/product\/139","targetHints":{"allow":["GET"]}}],"collection":[{"href":"https:\/\/dc-distribution.pro\/index.php?rest_route=\/wp\/v2\/product"}],"about":[{"href":"https:\/\/dc-distribution.pro\/index.php?rest_route=\/wp\/v2\/types\/product"}],"replies":[{"embeddable":true,"href":"https:\/\/dc-distribution.pro\/index.php?rest_route=%2Fwp%2Fv2%2Fcomments&post=139"}],"wp:featuredmedia":[{"embeddable":true,"href":"https:\/\/dc-distribution.pro\/index.php?rest_route=\/wp\/v2\/media\/140"}],"wp:attachment":[{"href":"https:\/\/dc-distribution.pro\/index.php?rest_route=%2Fwp%2Fv2%2Fmedia&parent=139"}],"wp:term":[{"taxonomy":"product_brand","embeddable":true,"href":"https:\/\/dc-distribution.pro\/index.php?rest_route=%2Fwp%2Fv2%2Fproduct_brand&post=139"},{"taxonomy":"product_cat","embeddable":true,"href":"https:\/\/dc-distribution.pro\/index.php?rest_route=%2Fwp%2Fv2%2Fproduct_cat&post=139"},{"taxonomy":"product_tag","embeddable":true,"href":"https:\/\/dc-distribution.pro\/index.php?rest_route=%2Fwp%2Fv2%2Fproduct_tag&post=139"}],"curies":[{"name":"wp","href":"https:\/\/api.w.org\/{rel}","templated":true}]}}