{"id":141,"date":"2025-10-15T18:45:41","date_gmt":"2025-10-15T18:45:41","guid":{"rendered":"https:\/\/dc-distribution.pro\/?post_type=product&#038;p=141"},"modified":"2025-10-15T18:45:41","modified_gmt":"2025-10-15T18:45:41","slug":"samyang-hot-chicken-ramen-cup-70g","status":"publish","type":"product","link":"https:\/\/dc-distribution.pro\/?product=samyang-hot-chicken-ramen-cup-70g","title":{"rendered":"SAMYANG HOT CHICKEN RAMEN CUP 70G"},"content":{"rendered":"<p>\ud83d\udd25 <strong data-start=\"135\" data-end=\"173\">Samyang Hot Chicken Ramen Cup 70 g<\/strong><br data-start=\"173\" data-end=\"176\" \/>Le c\u00e9l\u00e8bre ramen cor\u00e9en <strong data-start=\"200\" data-end=\"215\">ultra \u00e9pic\u00e9<\/strong> qui a conquis le monde \ud83c\udf36\ufe0f\ud83d\udd25 ! Sa <strong data-start=\"250\" data-end=\"285\">saveur intense de poulet grill\u00e9<\/strong> et sa <strong data-start=\"292\" data-end=\"309\">sauce relev\u00e9e<\/strong> en font un produit culte, devenu viral sur les r\u00e9seaux sociaux.<br data-start=\"373\" data-end=\"376\" \/>Facile et rapide \u00e0 pr\u00e9parer, le format <strong data-start=\"415\" data-end=\"427\">cup 70 g<\/strong> est parfait pour une pause repas express ou un encas plein de caract\u00e8re.<br data-start=\"500\" data-end=\"503\" \/>Un <strong data-start=\"506\" data-end=\"546\">incontournable \u00e0 proposer en magasin<\/strong> pour r\u00e9pondre \u00e0 la demande croissante de produits cor\u00e9ens tendance et populaires \u00e0 l\u2019international \ud83c\uddf0\ud83c\uddf7\u2728<\/p>\n","protected":false},"excerpt":{"rendered":"<div class=\"wp-block-woocommerce-product-price\" data-block-name=\"woocommerce\/product-price\" data-font-size=\"large\" data-is-descendent-of-single-product-template=\"true\">Carton de 30 : 4 500 FHT<\/div>\n<div class=\"wp-block-post-excerpt\">\n<p class=\"wp-block-post-excerpt__excerpt\">TGC: 0%<\/p>\n<\/div>\n","protected":false},"featured_media":142,"comment_status":"open","ping_status":"closed","template":"","meta":[],"product_brand":[36],"product_cat":[35],"product_tag":[],"class_list":{"0":"post-141","1":"product","2":"type-product","3":"status-publish","4":"has-post-thumbnail","6":"product_brand-buldak","7":"product_cat-nouilles-instantannes","9":"first","10":"instock","11":"taxable","12":"shipping-taxable","13":"product-type-simple"},"jetpack_sharing_enabled":true,"_links":{"self":[{"href":"https:\/\/dc-distribution.pro\/index.php?rest_route=\/wp\/v2\/product\/141","targetHints":{"allow":["GET"]}}],"collection":[{"href":"https:\/\/dc-distribution.pro\/index.php?rest_route=\/wp\/v2\/product"}],"about":[{"href":"https:\/\/dc-distribution.pro\/index.php?rest_route=\/wp\/v2\/types\/product"}],"replies":[{"embeddable":true,"href":"https:\/\/dc-distribution.pro\/index.php?rest_route=%2Fwp%2Fv2%2Fcomments&post=141"}],"wp:featuredmedia":[{"embeddable":true,"href":"https:\/\/dc-distribution.pro\/index.php?rest_route=\/wp\/v2\/media\/142"}],"wp:attachment":[{"href":"https:\/\/dc-distribution.pro\/index.php?rest_route=%2Fwp%2Fv2%2Fmedia&parent=141"}],"wp:term":[{"taxonomy":"product_brand","embeddable":true,"href":"https:\/\/dc-distribution.pro\/index.php?rest_route=%2Fwp%2Fv2%2Fproduct_brand&post=141"},{"taxonomy":"product_cat","embeddable":true,"href":"https:\/\/dc-distribution.pro\/index.php?rest_route=%2Fwp%2Fv2%2Fproduct_cat&post=141"},{"taxonomy":"product_tag","embeddable":true,"href":"https:\/\/dc-distribution.pro\/index.php?rest_route=%2Fwp%2Fv2%2Fproduct_tag&post=141"}],"curies":[{"name":"wp","href":"https:\/\/api.w.org\/{rel}","templated":true}]}}