{"id":144,"date":"2025-10-15T19:17:04","date_gmt":"2025-10-15T19:17:04","guid":{"rendered":"https:\/\/dc-distribution.pro\/?post_type=product&#038;p=144"},"modified":"2025-10-15T19:17:05","modified_gmt":"2025-10-15T19:17:05","slug":"samyang-hot-chicken-ramen-bowl-105g","status":"publish","type":"product","link":"https:\/\/dc-distribution.pro\/?product=samyang-hot-chicken-ramen-bowl-105g","title":{"rendered":"SAMYANG HOT CHICKEN RAMEN BOWL 105G"},"content":{"rendered":"<p>\ud83d\udd25 <strong data-start=\"137\" data-end=\"177\">Samyang Hot Chicken Ramen Bowl 105 g<\/strong><br data-start=\"177\" data-end=\"180\" \/>Le ramen cor\u00e9en culte qui fait sensation dans le monde entier \ud83c\udf36\ufe0f\ud83d\udd25 ! Avec sa <strong data-start=\"258\" data-end=\"298\">sauce au poulet \u00e9pic\u00e9e et savoureuse<\/strong>, cette version en <strong data-start=\"317\" data-end=\"333\">bol pratique<\/strong> offre toute l\u2019intensit\u00e9 et le go\u00fbt authentique de la gamme <strong data-start=\"393\" data-end=\"416\">Samyang Hot Chicken<\/strong>, devenue virale sur les r\u00e9seaux sociaux.<br data-start=\"457\" data-end=\"460\" \/>Pr\u00eate en quelques minutes, cette recette est id\u00e9ale pour une pause repas rapide et relev\u00e9e.<br data-start=\"551\" data-end=\"554\" \/>Un <strong data-start=\"557\" data-end=\"595\">produit tendance et incontournable<\/strong> \u00e0 proposer en magasin pour s\u00e9duire les amateurs de cuisine cor\u00e9enne et de d\u00e9fis \u00e9pic\u00e9s \ud83c\uddf0\ud83c\uddf7\u2728<\/p>\n","protected":false},"excerpt":{"rendered":"<div class=\"wp-block-woocommerce-product-price\" data-block-name=\"woocommerce\/product-price\" data-font-size=\"large\" data-is-descendent-of-single-product-template=\"true\">Carton de 16 : 3 040 FHT<\/div>\n<div class=\"wp-block-post-excerpt\">\n<p class=\"wp-block-post-excerpt__excerpt\">TGC: 0%<\/p>\n<\/div>\n","protected":false},"featured_media":145,"comment_status":"open","ping_status":"closed","template":"","meta":[],"product_brand":[36],"product_cat":[35],"product_tag":[],"class_list":{"0":"post-144","1":"product","2":"type-product","3":"status-publish","4":"has-post-thumbnail","6":"product_brand-buldak","7":"product_cat-nouilles-instantannes","9":"first","10":"instock","11":"taxable","12":"shipping-taxable","13":"product-type-simple"},"jetpack_sharing_enabled":true,"_links":{"self":[{"href":"https:\/\/dc-distribution.pro\/index.php?rest_route=\/wp\/v2\/product\/144","targetHints":{"allow":["GET"]}}],"collection":[{"href":"https:\/\/dc-distribution.pro\/index.php?rest_route=\/wp\/v2\/product"}],"about":[{"href":"https:\/\/dc-distribution.pro\/index.php?rest_route=\/wp\/v2\/types\/product"}],"replies":[{"embeddable":true,"href":"https:\/\/dc-distribution.pro\/index.php?rest_route=%2Fwp%2Fv2%2Fcomments&post=144"}],"wp:featuredmedia":[{"embeddable":true,"href":"https:\/\/dc-distribution.pro\/index.php?rest_route=\/wp\/v2\/media\/145"}],"wp:attachment":[{"href":"https:\/\/dc-distribution.pro\/index.php?rest_route=%2Fwp%2Fv2%2Fmedia&parent=144"}],"wp:term":[{"taxonomy":"product_brand","embeddable":true,"href":"https:\/\/dc-distribution.pro\/index.php?rest_route=%2Fwp%2Fv2%2Fproduct_brand&post=144"},{"taxonomy":"product_cat","embeddable":true,"href":"https:\/\/dc-distribution.pro\/index.php?rest_route=%2Fwp%2Fv2%2Fproduct_cat&post=144"},{"taxonomy":"product_tag","embeddable":true,"href":"https:\/\/dc-distribution.pro\/index.php?rest_route=%2Fwp%2Fv2%2Fproduct_tag&post=144"}],"curies":[{"name":"wp","href":"https:\/\/api.w.org\/{rel}","templated":true}]}}