{"id":149,"date":"2025-10-15T19:27:04","date_gmt":"2025-10-15T19:27:04","guid":{"rendered":"https:\/\/dc-distribution.pro\/?post_type=product&#038;p=149"},"modified":"2025-10-15T19:28:59","modified_gmt":"2025-10-15T19:28:59","slug":"oreo-wafer-roll-chocolate-20x54g","status":"publish","type":"product","link":"https:\/\/dc-distribution.pro\/?product=oreo-wafer-roll-chocolate-20x54g","title":{"rendered":"OREO WAFER ROLL CHOCOLATE 20X54G"},"content":{"rendered":"<p>\ud83c\udf6a <strong data-start=\"154\" data-end=\"191\">Oreo Wafer Roll Chocolate 20&#215;54 g<\/strong><br data-start=\"191\" data-end=\"194\" \/>Retrouvez tout le plaisir du go\u00fbt iconique <strong data-start=\"237\" data-end=\"245\">Oreo<\/strong> dans un format <strong data-start=\"261\" data-end=\"288\">gaufrette croustillante<\/strong> ! Envelopp\u00e9s d\u2019une fine couche de chocolat fondant, les <strong data-start=\"345\" data-end=\"365\">Oreo Wafer Rolls<\/strong> allient croquant et gourmandise \u00e0 chaque bouch\u00e9e.<br data-start=\"415\" data-end=\"418\" \/>Un produit <strong data-start=\"429\" data-end=\"450\">tendance et viral<\/strong> sur les r\u00e9seaux, parfait pour les amateurs de douceurs premium et les fans de la marque culte.<br data-start=\"545\" data-end=\"548\" \/>Format pratique en bo\u00eete de 20 rouleaux de 54 g \u2014 id\u00e9al pour les boutiques, snacks et points de vente souhaitant proposer un <strong data-start=\"673\" data-end=\"716\">produit international \u00e0 forte notori\u00e9t\u00e9<\/strong> \ud83c\udf0d\u2728<\/p>\n","protected":false},"excerpt":{"rendered":"<div class=\"wp-block-woocommerce-product-price\" data-block-name=\"woocommerce\/product-price\" data-font-size=\"large\" data-is-descendent-of-single-product-template=\"true\">Carton de 20<\/div>\n<div class=\"wp-block-post-excerpt\">\n<p class=\"wp-block-post-excerpt__excerpt\">TGC: 22%<\/p>\n<\/div>\n","protected":false},"featured_media":150,"comment_status":"open","ping_status":"closed","template":"","meta":[],"product_brand":[37],"product_cat":[22],"product_tag":[],"class_list":{"0":"post-149","1":"product","2":"type-product","3":"status-publish","4":"has-post-thumbnail","6":"product_brand-oreo","7":"product_cat-gateaux-biscuits","9":"first","10":"instock","11":"taxable","12":"shipping-taxable","13":"product-type-simple"},"jetpack_sharing_enabled":true,"_links":{"self":[{"href":"https:\/\/dc-distribution.pro\/index.php?rest_route=\/wp\/v2\/product\/149","targetHints":{"allow":["GET"]}}],"collection":[{"href":"https:\/\/dc-distribution.pro\/index.php?rest_route=\/wp\/v2\/product"}],"about":[{"href":"https:\/\/dc-distribution.pro\/index.php?rest_route=\/wp\/v2\/types\/product"}],"replies":[{"embeddable":true,"href":"https:\/\/dc-distribution.pro\/index.php?rest_route=%2Fwp%2Fv2%2Fcomments&post=149"}],"wp:featuredmedia":[{"embeddable":true,"href":"https:\/\/dc-distribution.pro\/index.php?rest_route=\/wp\/v2\/media\/150"}],"wp:attachment":[{"href":"https:\/\/dc-distribution.pro\/index.php?rest_route=%2Fwp%2Fv2%2Fmedia&parent=149"}],"wp:term":[{"taxonomy":"product_brand","embeddable":true,"href":"https:\/\/dc-distribution.pro\/index.php?rest_route=%2Fwp%2Fv2%2Fproduct_brand&post=149"},{"taxonomy":"product_cat","embeddable":true,"href":"https:\/\/dc-distribution.pro\/index.php?rest_route=%2Fwp%2Fv2%2Fproduct_cat&post=149"},{"taxonomy":"product_tag","embeddable":true,"href":"https:\/\/dc-distribution.pro\/index.php?rest_route=%2Fwp%2Fv2%2Fproduct_tag&post=149"}],"curies":[{"name":"wp","href":"https:\/\/api.w.org\/{rel}","templated":true}]}}