{"id":154,"date":"2025-10-15T19:47:07","date_gmt":"2025-10-15T19:47:07","guid":{"rendered":"https:\/\/dc-distribution.pro\/?post_type=product&#038;p=154"},"modified":"2025-10-15T19:47:08","modified_gmt":"2025-10-15T19:47:08","slug":"oreo-wafer-roll-vanilla-20x54g","status":"publish","type":"product","link":"https:\/\/dc-distribution.pro\/?product=oreo-wafer-roll-vanilla-20x54g","title":{"rendered":"OREO WAFER ROLL VANILLA 20X54G"},"content":{"rendered":"<p>\ud83c\udf6a <strong data-start=\"121\" data-end=\"156\">Oreo Wafer Roll Vanilla 20&#215;54 g<\/strong><br data-start=\"156\" data-end=\"159\" \/>Le go\u00fbt l\u00e9gendaire <strong data-start=\"178\" data-end=\"186\">Oreo<\/strong> dans une version <strong data-start=\"204\" data-end=\"241\">gaufrette l\u00e9g\u00e8re et croustillante<\/strong> garnie d\u2019une <strong data-start=\"255\" data-end=\"282\">cr\u00e8me vanille onctueuse<\/strong> ! Un parfait \u00e9quilibre entre croquant et douceur, pour un moment de plaisir gourmand \u00e0 tout moment de la journ\u00e9e.<br data-start=\"396\" data-end=\"399\" \/>Produit <strong data-start=\"407\" data-end=\"449\">tendance et appr\u00e9ci\u00e9 \u00e0 l\u2019international<\/strong>, les <strong data-start=\"455\" data-end=\"483\">Oreo Wafer Rolls Vanilla<\/strong> s\u00e9duisent les consommateurs \u00e0 la recherche d\u2019une gourmandise premium et moderne.<br data-start=\"564\" data-end=\"567\" \/>Format pratique de <strong data-start=\"586\" data-end=\"609\">20 rouleaux de 54 g<\/strong>, id\u00e9al pour les <strong data-start=\"626\" data-end=\"658\">boutiques et points de vente<\/strong> souhaitant proposer une marque iconique qui fait le buzz \ud83c\udf0d\u2728<\/p>\n","protected":false},"excerpt":{"rendered":"<div class=\"wp-block-woocommerce-product-price\" data-block-name=\"woocommerce\/product-price\" data-font-size=\"large\" data-is-descendent-of-single-product-template=\"true\">Carton de 20<\/div>\n<div class=\"wp-block-post-excerpt\">\n<p class=\"wp-block-post-excerpt__excerpt\">TGC: 22%<\/p>\n<\/div>\n","protected":false},"featured_media":155,"comment_status":"open","ping_status":"closed","template":"","meta":[],"product_brand":[37],"product_cat":[22],"product_tag":[],"class_list":{"0":"post-154","1":"product","2":"type-product","3":"status-publish","4":"has-post-thumbnail","6":"product_brand-oreo","7":"product_cat-gateaux-biscuits","9":"first","10":"instock","11":"taxable","12":"shipping-taxable","13":"product-type-simple"},"jetpack_sharing_enabled":true,"_links":{"self":[{"href":"https:\/\/dc-distribution.pro\/index.php?rest_route=\/wp\/v2\/product\/154","targetHints":{"allow":["GET"]}}],"collection":[{"href":"https:\/\/dc-distribution.pro\/index.php?rest_route=\/wp\/v2\/product"}],"about":[{"href":"https:\/\/dc-distribution.pro\/index.php?rest_route=\/wp\/v2\/types\/product"}],"replies":[{"embeddable":true,"href":"https:\/\/dc-distribution.pro\/index.php?rest_route=%2Fwp%2Fv2%2Fcomments&post=154"}],"wp:featuredmedia":[{"embeddable":true,"href":"https:\/\/dc-distribution.pro\/index.php?rest_route=\/wp\/v2\/media\/155"}],"wp:attachment":[{"href":"https:\/\/dc-distribution.pro\/index.php?rest_route=%2Fwp%2Fv2%2Fmedia&parent=154"}],"wp:term":[{"taxonomy":"product_brand","embeddable":true,"href":"https:\/\/dc-distribution.pro\/index.php?rest_route=%2Fwp%2Fv2%2Fproduct_brand&post=154"},{"taxonomy":"product_cat","embeddable":true,"href":"https:\/\/dc-distribution.pro\/index.php?rest_route=%2Fwp%2Fv2%2Fproduct_cat&post=154"},{"taxonomy":"product_tag","embeddable":true,"href":"https:\/\/dc-distribution.pro\/index.php?rest_route=%2Fwp%2Fv2%2Fproduct_tag&post=154"}],"curies":[{"name":"wp","href":"https:\/\/api.w.org\/{rel}","templated":true}]}}