{"id":158,"date":"2025-10-15T19:51:13","date_gmt":"2025-10-15T19:51:13","guid":{"rendered":"https:\/\/dc-distribution.pro\/?post_type=product&#038;p=158"},"modified":"2025-10-15T19:51:13","modified_gmt":"2025-10-15T19:51:13","slug":"oreo-cadbury-socola-pie","status":"publish","type":"product","link":"https:\/\/dc-distribution.pro\/?product=oreo-cadbury-socola-pie","title":{"rendered":"OREO CADBURY SOCOLA-PIE"},"content":{"rendered":"<p>\ud83c\udf6b <strong data-start=\"137\" data-end=\"164\">Oreo Cadbury Socola Pie<\/strong><br data-start=\"164\" data-end=\"167\" \/>Une <strong data-start=\"171\" data-end=\"201\">collaboration irr\u00e9sistible<\/strong> entre deux marques iconiques : <strong data-start=\"233\" data-end=\"241\">Oreo<\/strong> et <strong data-start=\"245\" data-end=\"256\">Cadbury<\/strong> ! Ce d\u00e9licieux <strong data-start=\"272\" data-end=\"294\">choco-pie moelleux<\/strong> associe un c\u0153ur fondant \u00e0 la <strong data-start=\"324\" data-end=\"338\">cr\u00e8me Oreo<\/strong> et un enrobage g\u00e9n\u00e9reux de <strong data-start=\"366\" data-end=\"386\">chocolat Cadbury<\/strong> riche et onctueux.<br data-start=\"405\" data-end=\"408\" \/>D\u00e9j\u00e0 <strong data-start=\"413\" data-end=\"439\">tr\u00e8s populaire en Asie<\/strong> et largement partag\u00e9 sur les r\u00e9seaux, ce produit s\u00e9duit par sa <strong data-start=\"503\" data-end=\"523\">texture fondante<\/strong>, son <strong data-start=\"529\" data-end=\"544\">go\u00fbt unique<\/strong> et son image <strong data-start=\"558\" data-end=\"581\">premium et tendance<\/strong>.<br data-start=\"582\" data-end=\"585\" \/>Un <strong data-start=\"588\" data-end=\"626\">must-have pour les points de vente<\/strong> souhaitant proposer une gourmandise virale et internationale \ud83c\udf0d\u2728<\/p>\n","protected":false},"excerpt":{"rendered":"<p>Carton de 12<\/p>\n<p>TGC: 22%<\/p>\n","protected":false},"featured_media":159,"comment_status":"open","ping_status":"closed","template":"","meta":[],"product_brand":[37],"product_cat":[22],"product_tag":[],"class_list":{"0":"post-158","1":"product","2":"type-product","3":"status-publish","4":"has-post-thumbnail","6":"product_brand-oreo","7":"product_cat-gateaux-biscuits","9":"first","10":"instock","11":"taxable","12":"shipping-taxable","13":"product-type-simple"},"jetpack_sharing_enabled":true,"_links":{"self":[{"href":"https:\/\/dc-distribution.pro\/index.php?rest_route=\/wp\/v2\/product\/158","targetHints":{"allow":["GET"]}}],"collection":[{"href":"https:\/\/dc-distribution.pro\/index.php?rest_route=\/wp\/v2\/product"}],"about":[{"href":"https:\/\/dc-distribution.pro\/index.php?rest_route=\/wp\/v2\/types\/product"}],"replies":[{"embeddable":true,"href":"https:\/\/dc-distribution.pro\/index.php?rest_route=%2Fwp%2Fv2%2Fcomments&post=158"}],"wp:featuredmedia":[{"embeddable":true,"href":"https:\/\/dc-distribution.pro\/index.php?rest_route=\/wp\/v2\/media\/159"}],"wp:attachment":[{"href":"https:\/\/dc-distribution.pro\/index.php?rest_route=%2Fwp%2Fv2%2Fmedia&parent=158"}],"wp:term":[{"taxonomy":"product_brand","embeddable":true,"href":"https:\/\/dc-distribution.pro\/index.php?rest_route=%2Fwp%2Fv2%2Fproduct_brand&post=158"},{"taxonomy":"product_cat","embeddable":true,"href":"https:\/\/dc-distribution.pro\/index.php?rest_route=%2Fwp%2Fv2%2Fproduct_cat&post=158"},{"taxonomy":"product_tag","embeddable":true,"href":"https:\/\/dc-distribution.pro\/index.php?rest_route=%2Fwp%2Fv2%2Fproduct_tag&post=158"}],"curies":[{"name":"wp","href":"https:\/\/api.w.org\/{rel}","templated":true}]}}