{"id":162,"date":"2025-11-09T23:26:26","date_gmt":"2025-11-09T23:26:26","guid":{"rendered":"https:\/\/dc-distribution.pro\/?post_type=product&#038;p=162"},"modified":"2025-11-09T23:26:26","modified_gmt":"2025-11-09T23:26:26","slug":"oreo-sandwich-cookies-vanilla-cream-110-4g","status":"publish","type":"product","link":"https:\/\/dc-distribution.pro\/?product=oreo-sandwich-cookies-vanilla-cream-110-4g","title":{"rendered":"OREO SANDWICH COOKIES VANILLA CREAM 110.4G"},"content":{"rendered":"<p>\ud83c\udf6a <strong data-start=\"156\" data-end=\"203\">Oreo Sandwich Cookies Vanilla Cream 110.4 g<\/strong><br data-start=\"203\" data-end=\"206\" \/>L\u2019incontournable <strong data-start=\"223\" data-end=\"239\">biscuit Oreo<\/strong> dans sa version classique et irr\u00e9sistible ! Deux biscuits au cacao intense renfermant une <strong data-start=\"330\" data-end=\"357\">cr\u00e8me vanille onctueuse<\/strong> pour une exp\u00e9rience gourmande in\u00e9gal\u00e9e.<br data-start=\"397\" data-end=\"400\" \/>Ic\u00f4ne mondiale du snacking, <strong data-start=\"428\" data-end=\"436\">Oreo<\/strong> reste une valeur s\u00fbre qui s\u00e9duit toutes les g\u00e9n\u00e9rations.<br data-start=\"493\" data-end=\"496\" \/>Un <strong data-start=\"499\" data-end=\"554\">produit tendance, viral et universellement appr\u00e9ci\u00e9<\/strong>, parfait pour les points de vente souhaitant proposer une <strong data-start=\"613\" data-end=\"641\">r\u00e9f\u00e9rence incontournable<\/strong> du biscuit premium \ud83c\udf0d\ud83d\udc99<\/p>\n","protected":false},"excerpt":{"rendered":"<div class=\"wp-block-woocommerce-product-price\" data-block-name=\"woocommerce\/product-price\" data-font-size=\"large\" data-is-descendent-of-single-product-template=\"true\">Carton de 24<\/div>\n<div class=\"wp-block-post-excerpt\">\n<p class=\"wp-block-post-excerpt__excerpt\">TGC: 22%<\/p>\n<\/div>\n","protected":false},"featured_media":0,"comment_status":"open","ping_status":"closed","template":"","meta":[],"product_brand":[37],"product_cat":[15,22],"product_tag":[],"class_list":{"0":"post-162","1":"product","2":"type-product","3":"status-publish","5":"product_brand-oreo","6":"product_cat-uncategorized","7":"product_cat-gateaux-biscuits","9":"first","10":"instock","11":"taxable","12":"shipping-taxable","13":"product-type-simple"},"jetpack_sharing_enabled":true,"_links":{"self":[{"href":"https:\/\/dc-distribution.pro\/index.php?rest_route=\/wp\/v2\/product\/162","targetHints":{"allow":["GET"]}}],"collection":[{"href":"https:\/\/dc-distribution.pro\/index.php?rest_route=\/wp\/v2\/product"}],"about":[{"href":"https:\/\/dc-distribution.pro\/index.php?rest_route=\/wp\/v2\/types\/product"}],"replies":[{"embeddable":true,"href":"https:\/\/dc-distribution.pro\/index.php?rest_route=%2Fwp%2Fv2%2Fcomments&post=162"}],"wp:attachment":[{"href":"https:\/\/dc-distribution.pro\/index.php?rest_route=%2Fwp%2Fv2%2Fmedia&parent=162"}],"wp:term":[{"taxonomy":"product_brand","embeddable":true,"href":"https:\/\/dc-distribution.pro\/index.php?rest_route=%2Fwp%2Fv2%2Fproduct_brand&post=162"},{"taxonomy":"product_cat","embeddable":true,"href":"https:\/\/dc-distribution.pro\/index.php?rest_route=%2Fwp%2Fv2%2Fproduct_cat&post=162"},{"taxonomy":"product_tag","embeddable":true,"href":"https:\/\/dc-distribution.pro\/index.php?rest_route=%2Fwp%2Fv2%2Fproduct_tag&post=162"}],"curies":[{"name":"wp","href":"https:\/\/api.w.org\/{rel}","templated":true}]}}