{"id":63,"date":"2025-09-30T22:59:02","date_gmt":"2025-09-30T22:59:02","guid":{"rendered":"https:\/\/dc-distribution.pro\/?post_type=product&#038;p=63"},"modified":"2025-10-15T19:46:26","modified_gmt":"2025-10-15T19:46:26","slug":"boss-cafe-au-lait-180ml","status":"publish","type":"product","link":"https:\/\/dc-distribution.pro\/?product=boss-cafe-au-lait-180ml","title":{"rendered":"BOSS CAFE AU LAIT 180ml"},"content":{"rendered":"<p>\u2615 <strong data-start=\"159\" data-end=\"187\">BOSS Caf\u00e9 au Lait 180 ml<\/strong> \u2013<\/p>\n<p>Le caf\u00e9 pr\u00eat \u00e0 boire qui s\u00e9duit les jeunes et fait sensation au <strong>Japon !<\/strong><\/p>\n<p><br data-start=\"261\" data-end=\"264\" \/>Star des distributeurs automatiques nippons et tr\u00e8s populaire sur les r\u00e9seaux sociaux, cette boisson iconique allie caf\u00e9 cors\u00e9 et lait onctueux dans un format pratique. Elle r\u00e9pond parfaitement aux nouvelles tendances de consommation \u201con the go\u201d et attire une client\u00e8le curieuse de produits branch\u00e9s venus d\u2019ailleurs.<br data-start=\"583\" data-end=\"586\" \/>Un incontournable \u00e0 proposer en magasin pour surfer sur la tendance asiatique et booster vos ventes !<\/p>\n","protected":false},"excerpt":{"rendered":"<div class=\"wp-block-woocommerce-product-price\" data-block-name=\"woocommerce\/product-price\" data-font-size=\"large\" data-is-descendent-of-single-product-template=\"true\">Carton de 24<\/div>\n<div class=\"wp-block-post-excerpt\">\n<p class=\"wp-block-post-excerpt__excerpt\">TGC: 22%<\/p>\n<\/div>\n","protected":false},"featured_media":74,"comment_status":"open","ping_status":"closed","template":"","meta":[],"product_brand":[],"product_cat":[17,19],"product_tag":[],"class_list":{"0":"post-63","1":"product","2":"type-product","3":"status-publish","4":"has-post-thumbnail","6":"product_cat-boissons","7":"product_cat-cafe","9":"first","10":"instock","11":"taxable","12":"shipping-taxable","13":"product-type-simple"},"jetpack_sharing_enabled":true,"_links":{"self":[{"href":"https:\/\/dc-distribution.pro\/index.php?rest_route=\/wp\/v2\/product\/63","targetHints":{"allow":["GET"]}}],"collection":[{"href":"https:\/\/dc-distribution.pro\/index.php?rest_route=\/wp\/v2\/product"}],"about":[{"href":"https:\/\/dc-distribution.pro\/index.php?rest_route=\/wp\/v2\/types\/product"}],"replies":[{"embeddable":true,"href":"https:\/\/dc-distribution.pro\/index.php?rest_route=%2Fwp%2Fv2%2Fcomments&post=63"}],"wp:featuredmedia":[{"embeddable":true,"href":"https:\/\/dc-distribution.pro\/index.php?rest_route=\/wp\/v2\/media\/74"}],"wp:attachment":[{"href":"https:\/\/dc-distribution.pro\/index.php?rest_route=%2Fwp%2Fv2%2Fmedia&parent=63"}],"wp:term":[{"taxonomy":"product_brand","embeddable":true,"href":"https:\/\/dc-distribution.pro\/index.php?rest_route=%2Fwp%2Fv2%2Fproduct_brand&post=63"},{"taxonomy":"product_cat","embeddable":true,"href":"https:\/\/dc-distribution.pro\/index.php?rest_route=%2Fwp%2Fv2%2Fproduct_cat&post=63"},{"taxonomy":"product_tag","embeddable":true,"href":"https:\/\/dc-distribution.pro\/index.php?rest_route=%2Fwp%2Fv2%2Fproduct_tag&post=63"}],"curies":[{"name":"wp","href":"https:\/\/api.w.org\/{rel}","templated":true}]}}