{"id":66,"date":"2025-10-01T07:42:52","date_gmt":"2025-10-01T07:42:52","guid":{"rendered":"https:\/\/dc-distribution.pro\/?post_type=product&#038;p=66"},"modified":"2025-10-09T19:19:28","modified_gmt":"2025-10-09T19:19:28","slug":"rockstar-energy-drink-250ml","status":"publish","type":"product","link":"https:\/\/dc-distribution.pro\/?product=rockstar-energy-drink-250ml","title":{"rendered":"ROCKSTAR &#8211; ENERGY DRINK 250ml"},"content":{"rendered":"<p>\u26a1 <strong data-start=\"153\" data-end=\"185\">Rockstar Energy Drink 250 ml<\/strong> \u2013 L\u2019\u00e9nergie venue des \u00c9tats-Unis qui cartonne dans le monde entier !<br data-start=\"254\" data-end=\"257\" \/>Marque iconique et tr\u00e8s pr\u00e9sente sur les r\u00e9seaux sociaux, Rockstar s\u00e9duit les jeunes et les amateurs de boissons tendances. Son format pratique de 250 ml est parfait pour une consommation rapide et nomade. Un produit dynamique et branch\u00e9 \u00e0 proposer en magasin pour attirer une client\u00e8le en qu\u00eate de nouveaut\u00e9s internationales et \u201cbuzz\u201d \ud83d\udca5<\/p>\n","protected":false},"excerpt":{"rendered":"<p>Carton de 24 : 2 040 FHT<\/p>\n<p>TGC: 22%<\/p>\n","protected":false},"featured_media":67,"comment_status":"open","ping_status":"closed","template":"","meta":[],"product_brand":[33],"product_cat":[17,20],"product_tag":[],"class_list":{"0":"post-66","1":"product","2":"type-product","3":"status-publish","4":"has-post-thumbnail","6":"product_brand-rockstar","7":"product_cat-boissons","8":"product_cat-boissons-energetiques","10":"first","11":"instock","12":"taxable","13":"shipping-taxable","14":"product-type-simple"},"jetpack_sharing_enabled":true,"_links":{"self":[{"href":"https:\/\/dc-distribution.pro\/index.php?rest_route=\/wp\/v2\/product\/66","targetHints":{"allow":["GET"]}}],"collection":[{"href":"https:\/\/dc-distribution.pro\/index.php?rest_route=\/wp\/v2\/product"}],"about":[{"href":"https:\/\/dc-distribution.pro\/index.php?rest_route=\/wp\/v2\/types\/product"}],"replies":[{"embeddable":true,"href":"https:\/\/dc-distribution.pro\/index.php?rest_route=%2Fwp%2Fv2%2Fcomments&post=66"}],"wp:featuredmedia":[{"embeddable":true,"href":"https:\/\/dc-distribution.pro\/index.php?rest_route=\/wp\/v2\/media\/67"}],"wp:attachment":[{"href":"https:\/\/dc-distribution.pro\/index.php?rest_route=%2Fwp%2Fv2%2Fmedia&parent=66"}],"wp:term":[{"taxonomy":"product_brand","embeddable":true,"href":"https:\/\/dc-distribution.pro\/index.php?rest_route=%2Fwp%2Fv2%2Fproduct_brand&post=66"},{"taxonomy":"product_cat","embeddable":true,"href":"https:\/\/dc-distribution.pro\/index.php?rest_route=%2Fwp%2Fv2%2Fproduct_cat&post=66"},{"taxonomy":"product_tag","embeddable":true,"href":"https:\/\/dc-distribution.pro\/index.php?rest_route=%2Fwp%2Fv2%2Fproduct_tag&post=66"}],"curies":[{"name":"wp","href":"https:\/\/api.w.org\/{rel}","templated":true}]}}