{"id":70,"date":"2025-10-01T13:50:12","date_gmt":"2025-10-01T13:50:12","guid":{"rendered":"https:\/\/dc-distribution.pro\/?post_type=product&#038;p=70"},"modified":"2025-10-09T19:18:51","modified_gmt":"2025-10-09T19:18:51","slug":"sting-energy-drink-gold-rush-320ml","status":"publish","type":"product","link":"https:\/\/dc-distribution.pro\/?product=sting-energy-drink-gold-rush-320ml","title":{"rendered":"STING ENERGY DRINK GOLD RUSH 320ML"},"content":{"rendered":"<p>\u26a1 <strong data-start=\"145\" data-end=\"184\">STING Energy Drink Gold Rush 320 ml<\/strong><br data-start=\"184\" data-end=\"187\" \/>Une boisson \u00e9nerg\u00e9tique p\u00e9tillante au go\u00fbt unique, con\u00e7ue pour donner un <strong data-start=\"260\" data-end=\"288\">coup de boost instantan\u00e9<\/strong> ! Tr\u00e8s populaire en Asie et sur les r\u00e9seaux sociaux, <strong data-start=\"342\" data-end=\"358\">Sting Energy<\/strong> s\u00e9duit les jeunes consommateurs en qu\u00eate de nouveaut\u00e9s tendances.<br data-start=\"424\" data-end=\"427\" \/>Avec sa <strong data-start=\"435\" data-end=\"484\">formule enrichie en caf\u00e9ine et en vitamines B<\/strong>, elle aide \u00e0 stimuler l\u2019\u00e9nergie et la concentration. Son format 320 ml est id\u00e9al pour une consommation rapide \u201con the go\u201d.<br data-start=\"607\" data-end=\"610\" \/>Un produit dynamique et branch\u00e9 \u00e0 proposer en magasin pour surfer sur la vague des boissons internationales qui font le buzz \ud83c\udf0d\u2728<\/p>\n","protected":false},"excerpt":{"rendered":"<div class=\"wp-block-woocommerce-product-price\" data-block-name=\"woocommerce\/product-price\" data-font-size=\"large\" data-is-descendent-of-single-product-template=\"true\">Carton de 24 : 2 160 FHT<\/div>\n<div class=\"wp-block-post-excerpt\">\n<p class=\"wp-block-post-excerpt__excerpt\">TGC: 22%<\/p>\n<\/div>\n","protected":false},"featured_media":71,"comment_status":"open","ping_status":"closed","template":"","meta":[],"product_brand":[32],"product_cat":[17,20],"product_tag":[],"class_list":{"0":"post-70","1":"product","2":"type-product","3":"status-publish","4":"has-post-thumbnail","6":"product_brand-sting","7":"product_cat-boissons","8":"product_cat-boissons-energetiques","10":"first","11":"instock","12":"taxable","13":"shipping-taxable","14":"product-type-simple"},"jetpack_sharing_enabled":true,"_links":{"self":[{"href":"https:\/\/dc-distribution.pro\/index.php?rest_route=\/wp\/v2\/product\/70","targetHints":{"allow":["GET"]}}],"collection":[{"href":"https:\/\/dc-distribution.pro\/index.php?rest_route=\/wp\/v2\/product"}],"about":[{"href":"https:\/\/dc-distribution.pro\/index.php?rest_route=\/wp\/v2\/types\/product"}],"replies":[{"embeddable":true,"href":"https:\/\/dc-distribution.pro\/index.php?rest_route=%2Fwp%2Fv2%2Fcomments&post=70"}],"wp:featuredmedia":[{"embeddable":true,"href":"https:\/\/dc-distribution.pro\/index.php?rest_route=\/wp\/v2\/media\/71"}],"wp:attachment":[{"href":"https:\/\/dc-distribution.pro\/index.php?rest_route=%2Fwp%2Fv2%2Fmedia&parent=70"}],"wp:term":[{"taxonomy":"product_brand","embeddable":true,"href":"https:\/\/dc-distribution.pro\/index.php?rest_route=%2Fwp%2Fv2%2Fproduct_brand&post=70"},{"taxonomy":"product_cat","embeddable":true,"href":"https:\/\/dc-distribution.pro\/index.php?rest_route=%2Fwp%2Fv2%2Fproduct_cat&post=70"},{"taxonomy":"product_tag","embeddable":true,"href":"https:\/\/dc-distribution.pro\/index.php?rest_route=%2Fwp%2Fv2%2Fproduct_tag&post=70"}],"curies":[{"name":"wp","href":"https:\/\/api.w.org\/{rel}","templated":true}]}}