{"id":72,"date":"2025-10-01T14:00:00","date_gmt":"2025-10-01T14:00:00","guid":{"rendered":"https:\/\/dc-distribution.pro\/?post_type=product&#038;p=72"},"modified":"2025-10-09T19:17:43","modified_gmt":"2025-10-09T19:17:43","slug":"miranda-sarsi-320-ml","status":"publish","type":"product","link":"https:\/\/dc-distribution.pro\/?product=miranda-sarsi-320-ml","title":{"rendered":"MIRANDA SARSI 320 ML"},"content":{"rendered":"<p>\ud83e\udd64 <strong data-start=\"119\" data-end=\"143\">Mirinda Sarsi 320 ml<\/strong><br data-start=\"143\" data-end=\"146\" \/>D\u00e9couvrez une saveur unique venue d\u2019Asie avec <strong data-start=\"192\" data-end=\"209\">Mirinda Sarsi<\/strong>, une boisson gazeuse aromatis\u00e9e au go\u00fbt traditionnel de \u201csarsi\u201d (root beer asiatique). Tr\u00e8s populaire dans plusieurs pays d\u2019Asie et r\u00e9guli\u00e8rement mise en avant sur les r\u00e9seaux sociaux, elle s\u00e9duit les consommateurs curieux de nouvelles tendances gustatives \ud83c\udf0d\u2728<br data-start=\"470\" data-end=\"473\" \/>Son format pratique de 320 ml en fait une boisson rafra\u00eechissante parfaite pour la vente \u00e0 emporter.<br data-start=\"573\" data-end=\"576\" \/>Un produit original et tendance \u00e0 proposer en magasin pour diversifier votre offre et attirer une client\u00e8le en qu\u00eate de nouveaut\u00e9s internationales.<\/p>\n","protected":false},"excerpt":{"rendered":"<div class=\"wp-block-woocommerce-product-price\" data-block-name=\"woocommerce\/product-price\" data-font-size=\"large\" data-is-descendent-of-single-product-template=\"true\">Carton de 24 : 1 560 FHT<\/div>\n<div class=\"wp-block-post-excerpt\">\n<p class=\"wp-block-post-excerpt__excerpt\">TGC: 22%<\/p>\n<\/div>\n","protected":false},"featured_media":75,"comment_status":"open","ping_status":"closed","template":"","meta":[],"product_brand":[31],"product_cat":[17,27],"product_tag":[],"class_list":{"0":"post-72","1":"product","2":"type-product","3":"status-publish","4":"has-post-thumbnail","6":"product_brand-miranda","7":"product_cat-boissons","8":"product_cat-softs","10":"first","11":"instock","12":"taxable","13":"shipping-taxable","14":"product-type-simple"},"jetpack_sharing_enabled":true,"_links":{"self":[{"href":"https:\/\/dc-distribution.pro\/index.php?rest_route=\/wp\/v2\/product\/72","targetHints":{"allow":["GET"]}}],"collection":[{"href":"https:\/\/dc-distribution.pro\/index.php?rest_route=\/wp\/v2\/product"}],"about":[{"href":"https:\/\/dc-distribution.pro\/index.php?rest_route=\/wp\/v2\/types\/product"}],"replies":[{"embeddable":true,"href":"https:\/\/dc-distribution.pro\/index.php?rest_route=%2Fwp%2Fv2%2Fcomments&post=72"}],"wp:featuredmedia":[{"embeddable":true,"href":"https:\/\/dc-distribution.pro\/index.php?rest_route=\/wp\/v2\/media\/75"}],"wp:attachment":[{"href":"https:\/\/dc-distribution.pro\/index.php?rest_route=%2Fwp%2Fv2%2Fmedia&parent=72"}],"wp:term":[{"taxonomy":"product_brand","embeddable":true,"href":"https:\/\/dc-distribution.pro\/index.php?rest_route=%2Fwp%2Fv2%2Fproduct_brand&post=72"},{"taxonomy":"product_cat","embeddable":true,"href":"https:\/\/dc-distribution.pro\/index.php?rest_route=%2Fwp%2Fv2%2Fproduct_cat&post=72"},{"taxonomy":"product_tag","embeddable":true,"href":"https:\/\/dc-distribution.pro\/index.php?rest_route=%2Fwp%2Fv2%2Fproduct_tag&post=72"}],"curies":[{"name":"wp","href":"https:\/\/api.w.org\/{rel}","templated":true}]}}