{"id":78,"date":"2025-10-01T14:23:16","date_gmt":"2025-10-01T14:23:16","guid":{"rendered":"https:\/\/dc-distribution.pro\/?post_type=product&#038;p=78"},"modified":"2025-10-01T15:07:34","modified_gmt":"2025-10-01T15:07:34","slug":"olong-tea-plus-450ml","status":"publish","type":"product","link":"https:\/\/dc-distribution.pro\/?product=olong-tea-plus-450ml","title":{"rendered":"OOLONG TEA PLUS 450ML"},"content":{"rendered":"<p>\ud83c\udf43 <strong data-start=\"121\" data-end=\"147\">Oolong Tea Plus 450 ml<\/strong><br data-start=\"147\" data-end=\"150\" \/>Une boisson rafra\u00eechissante et tendance, tr\u00e8s populaire en Asie \ud83c\udf3f. <strong data-start=\"218\" data-end=\"237\">Oolong Tea Plus<\/strong> allie le go\u00fbt authentique du th\u00e9 Oolong \u00e0 une formule l\u00e9g\u00e8re et d\u00e9salt\u00e9rante. Riche en antioxydants naturels, il s\u00e9duit les consommateurs soucieux de leur bien-\u00eatre et \u00e0 la recherche d\u2019alternatives plus saines aux boissons sucr\u00e9es.<br data-start=\"469\" data-end=\"472\" \/>Avec son format pratique de 450 ml, c\u2019est un produit id\u00e9al pour la consommation \u201con the go\u201d et parfait pour r\u00e9pondre \u00e0 la demande croissante de boissons inspir\u00e9es des tendances asiatiques \ud83c\udf0d\u2728<br data-start=\"663\" data-end=\"666\" \/>Un indispensable \u00e0 proposer en magasin pour diversifier votre offre avec une boisson moderne et populaire.<\/p>\n","protected":false},"excerpt":{"rendered":"<div class=\"wp-block-woocommerce-product-price\" data-block-name=\"woocommerce\/product-price\" data-font-size=\"large\" data-is-descendent-of-single-product-template=\"true\">Carton de 24 : 2 040 FHT<\/div>\n<div class=\"wp-block-post-excerpt\">\n<p class=\"wp-block-post-excerpt__excerpt\">TGC: 22%<\/p>\n<\/div>\n","protected":false},"featured_media":79,"comment_status":"open","ping_status":"closed","template":"","meta":[],"product_brand":[29],"product_cat":[17,21],"product_tag":[],"class_list":{"0":"post-78","1":"product","2":"type-product","3":"status-publish","4":"has-post-thumbnail","6":"product_brand-oolong","7":"product_cat-boissons","8":"product_cat-thes-glaces","10":"first","11":"instock","12":"taxable","13":"shipping-taxable","14":"product-type-simple"},"jetpack_sharing_enabled":true,"_links":{"self":[{"href":"https:\/\/dc-distribution.pro\/index.php?rest_route=\/wp\/v2\/product\/78","targetHints":{"allow":["GET"]}}],"collection":[{"href":"https:\/\/dc-distribution.pro\/index.php?rest_route=\/wp\/v2\/product"}],"about":[{"href":"https:\/\/dc-distribution.pro\/index.php?rest_route=\/wp\/v2\/types\/product"}],"replies":[{"embeddable":true,"href":"https:\/\/dc-distribution.pro\/index.php?rest_route=%2Fwp%2Fv2%2Fcomments&post=78"}],"wp:featuredmedia":[{"embeddable":true,"href":"https:\/\/dc-distribution.pro\/index.php?rest_route=\/wp\/v2\/media\/79"}],"wp:attachment":[{"href":"https:\/\/dc-distribution.pro\/index.php?rest_route=%2Fwp%2Fv2%2Fmedia&parent=78"}],"wp:term":[{"taxonomy":"product_brand","embeddable":true,"href":"https:\/\/dc-distribution.pro\/index.php?rest_route=%2Fwp%2Fv2%2Fproduct_brand&post=78"},{"taxonomy":"product_cat","embeddable":true,"href":"https:\/\/dc-distribution.pro\/index.php?rest_route=%2Fwp%2Fv2%2Fproduct_cat&post=78"},{"taxonomy":"product_tag","embeddable":true,"href":"https:\/\/dc-distribution.pro\/index.php?rest_route=%2Fwp%2Fv2%2Fproduct_tag&post=78"}],"curies":[{"name":"wp","href":"https:\/\/api.w.org\/{rel}","templated":true}]}}