{"id":81,"date":"2025-10-01T14:40:37","date_gmt":"2025-10-01T14:40:37","guid":{"rendered":"https:\/\/dc-distribution.pro\/?post_type=product&#038;p=81"},"modified":"2025-10-09T19:18:10","modified_gmt":"2025-10-09T19:18:10","slug":"oolong-tea-plus-matcha-sans-sucre-450-ml","status":"publish","type":"product","link":"https:\/\/dc-distribution.pro\/?product=oolong-tea-plus-matcha-sans-sucre-450-ml","title":{"rendered":"OOLONG TEA PLUS MATCHA SANS SUCRE 450 ML"},"content":{"rendered":"<p>\ud83c\udf75 <strong data-start=\"137\" data-end=\"179\">Oolong Tea Plus Matcha No Sugar 450 ml<\/strong><\/p>\n<p><br data-start=\"179\" data-end=\"182\" \/>Une boisson innovante qui combine la <strong data-start=\"219\" data-end=\"246\">fra\u00eecheur du th\u00e9 Oolong<\/strong> et la <strong data-start=\"253\" data-end=\"286\">richesse aromatique du matcha<\/strong>, sans sucre ajout\u00e9 \ud83c\udf3f. Tr\u00e8s populaire en Asie et sur les r\u00e9seaux sociaux, cette version sans sucre s\u00e9duit les consommateurs \u00e0 la recherche de <strong data-start=\"429\" data-end=\"473\">boissons saines, naturelles et tendances<\/strong>.<\/p>\n<p><br data-start=\"474\" data-end=\"477\" \/>Riche en antioxydants, elle offre une exp\u00e9rience gustative raffin\u00e9e tout en r\u00e9pondant aux attentes d\u2019une client\u00e8le soucieuse de son bien-\u00eatre.<br data-start=\"619\" data-end=\"622\" \/>Avec son format de 450 ml, c\u2019est une option id\u00e9ale pour la vente \u00e0 emporter et une excellente alternative aux boissons sucr\u00e9es classiques.<br data-start=\"760\" data-end=\"763\" \/>Un produit moderne et recherch\u00e9 \u00e0 int\u00e9grer dans votre offre pour capter la tendance \u201chealthy\u201d en pleine croissance \ud83c\udf0d\u2728<\/p>\n","protected":false},"excerpt":{"rendered":"<div class=\"wp-block-woocommerce-product-price\" data-block-name=\"woocommerce\/product-price\" data-font-size=\"large\" data-is-descendent-of-single-product-template=\"true\">Carton de 24 : 2 040 FHT<\/div>\n<div class=\"wp-block-post-excerpt\">\n<p class=\"wp-block-post-excerpt__excerpt\">TGC: 22%<\/p>\n<\/div>\n","protected":false},"featured_media":82,"comment_status":"open","ping_status":"closed","template":"","meta":[],"product_brand":[29],"product_cat":[17,21],"product_tag":[],"class_list":{"0":"post-81","1":"product","2":"type-product","3":"status-publish","4":"has-post-thumbnail","6":"product_brand-oolong","7":"product_cat-boissons","8":"product_cat-thes-glaces","10":"first","11":"instock","12":"taxable","13":"shipping-taxable","14":"product-type-simple"},"jetpack_sharing_enabled":true,"_links":{"self":[{"href":"https:\/\/dc-distribution.pro\/index.php?rest_route=\/wp\/v2\/product\/81","targetHints":{"allow":["GET"]}}],"collection":[{"href":"https:\/\/dc-distribution.pro\/index.php?rest_route=\/wp\/v2\/product"}],"about":[{"href":"https:\/\/dc-distribution.pro\/index.php?rest_route=\/wp\/v2\/types\/product"}],"replies":[{"embeddable":true,"href":"https:\/\/dc-distribution.pro\/index.php?rest_route=%2Fwp%2Fv2%2Fcomments&post=81"}],"wp:featuredmedia":[{"embeddable":true,"href":"https:\/\/dc-distribution.pro\/index.php?rest_route=\/wp\/v2\/media\/82"}],"wp:attachment":[{"href":"https:\/\/dc-distribution.pro\/index.php?rest_route=%2Fwp%2Fv2%2Fmedia&parent=81"}],"wp:term":[{"taxonomy":"product_brand","embeddable":true,"href":"https:\/\/dc-distribution.pro\/index.php?rest_route=%2Fwp%2Fv2%2Fproduct_brand&post=81"},{"taxonomy":"product_cat","embeddable":true,"href":"https:\/\/dc-distribution.pro\/index.php?rest_route=%2Fwp%2Fv2%2Fproduct_cat&post=81"},{"taxonomy":"product_tag","embeddable":true,"href":"https:\/\/dc-distribution.pro\/index.php?rest_route=%2Fwp%2Fv2%2Fproduct_tag&post=81"}],"curies":[{"name":"wp","href":"https:\/\/api.w.org\/{rel}","templated":true}]}}