{"id":83,"date":"2025-10-01T14:51:15","date_gmt":"2025-10-01T14:51:15","guid":{"rendered":"https:\/\/dc-distribution.pro\/?post_type=product&#038;p=83"},"modified":"2025-10-06T16:46:22","modified_gmt":"2025-10-06T16:46:22","slug":"oolong-tea-pls-lemon-450ml","status":"publish","type":"product","link":"https:\/\/dc-distribution.pro\/?product=oolong-tea-pls-lemon-450ml","title":{"rendered":"OOLONG TEA PLS LEMON 450ML"},"content":{"rendered":"<p>\ud83c\udf4b <strong data-start=\"127\" data-end=\"159\">Oolong Tea Plus Lemon 450 ml<\/strong><br data-start=\"159\" data-end=\"162\" \/>Une boisson rafra\u00eechissante qui marie \u00e0 la perfection le <strong data-start=\"219\" data-end=\"253\">go\u00fbt authentique du th\u00e9 Oolong<\/strong> et la <strong data-start=\"260\" data-end=\"292\">fra\u00eecheur acidul\u00e9e du citron<\/strong> \ud83c\udf43. Tr\u00e8s populaire en Asie et mise en avant sur les r\u00e9seaux sociaux, cette boisson s\u00e9duit les consommateurs \u00e0 la recherche d\u2019options naturelles, l\u00e9g\u00e8res et tendances.<br data-start=\"459\" data-end=\"462\" \/>Riche en antioxydants, elle offre une alternative saine aux sodas classiques tout en apportant une touche vivifiante.<br data-start=\"579\" data-end=\"582\" \/>Son format pratique de 450 ml est id\u00e9al pour la consommation \u201con the go\u201d, parfait pour diversifier votre offre avec une boisson moderne et appr\u00e9ci\u00e9e \ud83c\udf0d\u2728<\/p>\n","protected":false},"excerpt":{"rendered":"<div class=\"wp-block-woocommerce-product-price\" data-block-name=\"woocommerce\/product-price\" data-font-size=\"large\" data-is-descendent-of-single-product-template=\"true\">Carton de 24 : 2 040 FHT<\/div>\n<div class=\"wp-block-post-excerpt\">\n<p class=\"wp-block-post-excerpt__excerpt\">TGC: 22%<\/p>\n<\/div>\n","protected":false},"featured_media":84,"comment_status":"open","ping_status":"closed","template":"","meta":[],"product_brand":[29],"product_cat":[17,21],"product_tag":[],"class_list":{"0":"post-83","1":"product","2":"type-product","3":"status-publish","4":"has-post-thumbnail","6":"product_brand-oolong","7":"product_cat-boissons","8":"product_cat-thes-glaces","10":"first","11":"instock","12":"taxable","13":"shipping-taxable","14":"product-type-simple"},"jetpack_sharing_enabled":true,"_links":{"self":[{"href":"https:\/\/dc-distribution.pro\/index.php?rest_route=\/wp\/v2\/product\/83","targetHints":{"allow":["GET"]}}],"collection":[{"href":"https:\/\/dc-distribution.pro\/index.php?rest_route=\/wp\/v2\/product"}],"about":[{"href":"https:\/\/dc-distribution.pro\/index.php?rest_route=\/wp\/v2\/types\/product"}],"replies":[{"embeddable":true,"href":"https:\/\/dc-distribution.pro\/index.php?rest_route=%2Fwp%2Fv2%2Fcomments&post=83"}],"wp:featuredmedia":[{"embeddable":true,"href":"https:\/\/dc-distribution.pro\/index.php?rest_route=\/wp\/v2\/media\/84"}],"wp:attachment":[{"href":"https:\/\/dc-distribution.pro\/index.php?rest_route=%2Fwp%2Fv2%2Fmedia&parent=83"}],"wp:term":[{"taxonomy":"product_brand","embeddable":true,"href":"https:\/\/dc-distribution.pro\/index.php?rest_route=%2Fwp%2Fv2%2Fproduct_brand&post=83"},{"taxonomy":"product_cat","embeddable":true,"href":"https:\/\/dc-distribution.pro\/index.php?rest_route=%2Fwp%2Fv2%2Fproduct_cat&post=83"},{"taxonomy":"product_tag","embeddable":true,"href":"https:\/\/dc-distribution.pro\/index.php?rest_route=%2Fwp%2Fv2%2Fproduct_tag&post=83"}],"curies":[{"name":"wp","href":"https:\/\/api.w.org\/{rel}","templated":true}]}}