{"id":86,"date":"2025-10-01T15:03:18","date_gmt":"2025-10-01T15:03:18","guid":{"rendered":"https:\/\/dc-distribution.pro\/?post_type=product&#038;p=86"},"modified":"2025-10-01T15:06:00","modified_gmt":"2025-10-01T15:06:00","slug":"colgate-toothpaste-170g","status":"publish","type":"product","link":"https:\/\/dc-distribution.pro\/?product=colgate-toothpaste-170g","title":{"rendered":"COLGATE TOOTHPASTE 170G"},"content":{"rendered":"<p data-start=\"120\" data-end=\"688\">\ud83e\uddb7 <strong data-start=\"123\" data-end=\"151\">Colgate Toothpaste 170 g<\/strong><br data-start=\"151\" data-end=\"154\" \/>Marque incontournable dans le monde entier, <strong data-start=\"198\" data-end=\"209\">Colgate<\/strong> est synonyme de <strong data-start=\"226\" data-end=\"266\">sant\u00e9 bucco-dentaire et de confiance<\/strong>. Sa formule efficace aide \u00e0 <strong data-start=\"295\" data-end=\"323\">lutter contre les caries<\/strong>, <strong data-start=\"325\" data-end=\"346\">renforcer l\u2019\u00e9mail<\/strong> et <strong data-start=\"350\" data-end=\"382\">garantir une haleine fra\u00eeche<\/strong> tout au long de la journ\u00e9e \ud83c\udf3f\u2728.<br data-start=\"414\" data-end=\"417\" \/>Tr\u00e8s populaire et largement reconnue, cette r\u00e9f\u00e9rence est un <strong data-start=\"478\" data-end=\"499\">produit essentiel<\/strong> \u00e0 proposer en magasin pour r\u00e9pondre \u00e0 une <strong data-start=\"542\" data-end=\"578\">demande constante et universelle<\/strong>.<br data-start=\"579\" data-end=\"582\" \/>Le format 170 g est id\u00e9al pour une utilisation quotidienne et s\u2019adapte parfaitement aux besoins familiaux.<\/p>\n","protected":false},"excerpt":{"rendered":"<ul>\n<li>Carton de 36 : 7 043 FHT<\/li>\n<li class=\"wp-block-post-excerpt__excerpt\">TGC: 11%<\/li>\n<li>Photo non contractuelle<\/li>\n<\/ul>\n","protected":false},"featured_media":87,"comment_status":"open","ping_status":"closed","template":"","meta":[],"product_brand":[28],"product_cat":[24,23],"product_tag":[],"class_list":{"0":"post-86","1":"product","2":"type-product","3":"status-publish","4":"has-post-thumbnail","6":"product_brand-colgate","7":"product_cat-hygienes-dentaires","8":"product_cat-produits-dhygienes","10":"first","11":"instock","12":"taxable","13":"shipping-taxable","14":"product-type-simple"},"jetpack_sharing_enabled":true,"_links":{"self":[{"href":"https:\/\/dc-distribution.pro\/index.php?rest_route=\/wp\/v2\/product\/86","targetHints":{"allow":["GET"]}}],"collection":[{"href":"https:\/\/dc-distribution.pro\/index.php?rest_route=\/wp\/v2\/product"}],"about":[{"href":"https:\/\/dc-distribution.pro\/index.php?rest_route=\/wp\/v2\/types\/product"}],"replies":[{"embeddable":true,"href":"https:\/\/dc-distribution.pro\/index.php?rest_route=%2Fwp%2Fv2%2Fcomments&post=86"}],"wp:featuredmedia":[{"embeddable":true,"href":"https:\/\/dc-distribution.pro\/index.php?rest_route=\/wp\/v2\/media\/87"}],"wp:attachment":[{"href":"https:\/\/dc-distribution.pro\/index.php?rest_route=%2Fwp%2Fv2%2Fmedia&parent=86"}],"wp:term":[{"taxonomy":"product_brand","embeddable":true,"href":"https:\/\/dc-distribution.pro\/index.php?rest_route=%2Fwp%2Fv2%2Fproduct_brand&post=86"},{"taxonomy":"product_cat","embeddable":true,"href":"https:\/\/dc-distribution.pro\/index.php?rest_route=%2Fwp%2Fv2%2Fproduct_cat&post=86"},{"taxonomy":"product_tag","embeddable":true,"href":"https:\/\/dc-distribution.pro\/index.php?rest_route=%2Fwp%2Fv2%2Fproduct_tag&post=86"}],"curies":[{"name":"wp","href":"https:\/\/api.w.org\/{rel}","templated":true}]}}