{"id":89,"date":"2025-10-01T15:13:24","date_gmt":"2025-10-01T15:13:24","guid":{"rendered":"https:\/\/dc-distribution.pro\/?post_type=product&#038;p=89"},"modified":"2025-10-09T19:17:02","modified_gmt":"2025-10-09T19:17:02","slug":"colgate-toothpaste-maxfresh-green-tea-180g","status":"publish","type":"product","link":"https:\/\/dc-distribution.pro\/?product=colgate-toothpaste-maxfresh-green-tea-180g","title":{"rendered":"COLGATE TOOTHPASTE MAXFRESH GREEN TEA 180G"},"content":{"rendered":"<p>\ud83e\uddb7 <strong data-start=\"144\" data-end=\"180\">Colgate MaxFresh Green Tea 180 g<\/strong><br data-start=\"180\" data-end=\"183\" \/>Une p\u00e2te dentifrice innovante qui allie <strong data-start=\"223\" data-end=\"264\">protection compl\u00e8te contre les caries<\/strong> et <strong data-start=\"268\" data-end=\"289\">fra\u00eecheur intense<\/strong> gr\u00e2ce \u00e0 l\u2019extrait de <strong data-start=\"311\" data-end=\"323\">th\u00e9 vert<\/strong> \ud83c\udf43. Tr\u00e8s populaire \u00e0 l\u2019international et reconnue sur les r\u00e9seaux pour son effet \u201chaleine ultra fra\u00eeche\u201d, elle renforce l\u2019\u00e9mail tout en offrant un soin doux et efficace au quotidien.<br data-start=\"505\" data-end=\"508\" \/>Le format 180 g est parfait pour une utilisation familiale ou individuelle, faisant de ce produit un incontournable \u00e0 proposer en magasin pour s\u00e9duire une client\u00e8le attentive \u00e0 la sant\u00e9 bucco-dentaire et aux tendances \u201cfresh &amp; healthy\u201d.<\/p>\n","protected":false},"excerpt":{"rendered":"<div class=\"wp-block-woocommerce-product-price\" data-block-name=\"woocommerce\/product-price\" data-font-size=\"large\" data-is-descendent-of-single-product-template=\"true\">Carton de 36 : 7 560 FHT<\/div>\n<div class=\"wp-block-post-excerpt\">\n<p class=\"wp-block-post-excerpt__excerpt\">TGC: 11%<\/p>\n<\/div>\n","protected":false},"featured_media":90,"comment_status":"open","ping_status":"closed","template":"","meta":[],"product_brand":[28],"product_cat":[24,23],"product_tag":[],"class_list":{"0":"post-89","1":"product","2":"type-product","3":"status-publish","4":"has-post-thumbnail","6":"product_brand-colgate","7":"product_cat-hygienes-dentaires","8":"product_cat-produits-dhygienes","10":"first","11":"instock","12":"taxable","13":"shipping-taxable","14":"product-type-simple"},"jetpack_sharing_enabled":true,"_links":{"self":[{"href":"https:\/\/dc-distribution.pro\/index.php?rest_route=\/wp\/v2\/product\/89","targetHints":{"allow":["GET"]}}],"collection":[{"href":"https:\/\/dc-distribution.pro\/index.php?rest_route=\/wp\/v2\/product"}],"about":[{"href":"https:\/\/dc-distribution.pro\/index.php?rest_route=\/wp\/v2\/types\/product"}],"replies":[{"embeddable":true,"href":"https:\/\/dc-distribution.pro\/index.php?rest_route=%2Fwp%2Fv2%2Fcomments&post=89"}],"wp:featuredmedia":[{"embeddable":true,"href":"https:\/\/dc-distribution.pro\/index.php?rest_route=\/wp\/v2\/media\/90"}],"wp:attachment":[{"href":"https:\/\/dc-distribution.pro\/index.php?rest_route=%2Fwp%2Fv2%2Fmedia&parent=89"}],"wp:term":[{"taxonomy":"product_brand","embeddable":true,"href":"https:\/\/dc-distribution.pro\/index.php?rest_route=%2Fwp%2Fv2%2Fproduct_brand&post=89"},{"taxonomy":"product_cat","embeddable":true,"href":"https:\/\/dc-distribution.pro\/index.php?rest_route=%2Fwp%2Fv2%2Fproduct_cat&post=89"},{"taxonomy":"product_tag","embeddable":true,"href":"https:\/\/dc-distribution.pro\/index.php?rest_route=%2Fwp%2Fv2%2Fproduct_tag&post=89"}],"curies":[{"name":"wp","href":"https:\/\/api.w.org\/{rel}","templated":true}]}}