{"id":95,"date":"2025-10-01T15:26:01","date_gmt":"2025-10-01T15:26:01","guid":{"rendered":"https:\/\/dc-distribution.pro\/?post_type=product&#038;p=95"},"modified":"2025-10-01T15:27:29","modified_gmt":"2025-10-01T15:27:29","slug":"colgate-toothpaste-maxfresh-charbon-de-bambou-180g","status":"publish","type":"product","link":"https:\/\/dc-distribution.pro\/?product=colgate-toothpaste-maxfresh-charbon-de-bambou-180g","title":{"rendered":"COLGATE TOOTHPASTE MAXFRESH CHARBON DE BAMBOU 180G"},"content":{"rendered":"<p>\ud83e\uddb7 <strong data-start=\"152\" data-end=\"196\">Colgate MaxFresh Charbon de Bambou 180 g<\/strong><br data-start=\"196\" data-end=\"199\" \/>Une p\u00e2te dentifrice innovante qui combine <strong data-start=\"241\" data-end=\"273\">protection contre les caries<\/strong> et <strong data-start=\"277\" data-end=\"319\">pouvoir purifiant du charbon de bambou<\/strong> \ud83c\udf3f. Tr\u00e8s populaire \u00e0 l\u2019international et pl\u00e9biscit\u00e9e sur les r\u00e9seaux sociaux pour ses propri\u00e9t\u00e9s blanchissantes et son effet \u201chaleine ultra fra\u00eeche\u201d, elle renforce l\u2019\u00e9mail tout en offrant un soin quotidien efficace.<br data-start=\"534\" data-end=\"537\" \/>Le format 180 g est parfait pour un usage familial ou individuel, faisant de ce produit un <strong data-start=\"628\" data-end=\"668\">incontournable \u00e0 proposer en magasin<\/strong> pour s\u00e9duire une client\u00e8le attentive \u00e0 la sant\u00e9 bucco-dentaire et aux tendances naturelles.<\/p>\n","protected":false},"excerpt":{"rendered":"<p>Carton de 36 : 7 560 FHT<\/p>\n<p>TGC: 11%<\/p>\n<p>Photo non contractuelle<\/p>\n","protected":false},"featured_media":96,"comment_status":"open","ping_status":"closed","template":"","meta":[],"product_brand":[28],"product_cat":[24,23],"product_tag":[],"class_list":{"0":"post-95","1":"product","2":"type-product","3":"status-publish","4":"has-post-thumbnail","6":"product_brand-colgate","7":"product_cat-hygienes-dentaires","8":"product_cat-produits-dhygienes","10":"first","11":"instock","12":"taxable","13":"shipping-taxable","14":"product-type-simple"},"jetpack_sharing_enabled":true,"_links":{"self":[{"href":"https:\/\/dc-distribution.pro\/index.php?rest_route=\/wp\/v2\/product\/95","targetHints":{"allow":["GET"]}}],"collection":[{"href":"https:\/\/dc-distribution.pro\/index.php?rest_route=\/wp\/v2\/product"}],"about":[{"href":"https:\/\/dc-distribution.pro\/index.php?rest_route=\/wp\/v2\/types\/product"}],"replies":[{"embeddable":true,"href":"https:\/\/dc-distribution.pro\/index.php?rest_route=%2Fwp%2Fv2%2Fcomments&post=95"}],"wp:featuredmedia":[{"embeddable":true,"href":"https:\/\/dc-distribution.pro\/index.php?rest_route=\/wp\/v2\/media\/96"}],"wp:attachment":[{"href":"https:\/\/dc-distribution.pro\/index.php?rest_route=%2Fwp%2Fv2%2Fmedia&parent=95"}],"wp:term":[{"taxonomy":"product_brand","embeddable":true,"href":"https:\/\/dc-distribution.pro\/index.php?rest_route=%2Fwp%2Fv2%2Fproduct_brand&post=95"},{"taxonomy":"product_cat","embeddable":true,"href":"https:\/\/dc-distribution.pro\/index.php?rest_route=%2Fwp%2Fv2%2Fproduct_cat&post=95"},{"taxonomy":"product_tag","embeddable":true,"href":"https:\/\/dc-distribution.pro\/index.php?rest_route=%2Fwp%2Fv2%2Fproduct_tag&post=95"}],"curies":[{"name":"wp","href":"https:\/\/api.w.org\/{rel}","templated":true}]}}