{"id":98,"date":"2025-10-01T15:32:44","date_gmt":"2025-10-01T15:32:44","guid":{"rendered":"https:\/\/dc-distribution.pro\/?post_type=product&#038;p=98"},"modified":"2025-10-01T16:11:41","modified_gmt":"2025-10-01T16:11:41","slug":"colgate-toothpaste-octic-white-100g-mauve","status":"publish","type":"product","link":"https:\/\/dc-distribution.pro\/?product=colgate-toothpaste-octic-white-100g-mauve","title":{"rendered":"COLGATE TOOTHPASTE OCTIC WHITE 100G MAUVE"},"content":{"rendered":"<p>\ud83e\uddb7 <strong data-start=\"132\" data-end=\"169\">Colgate Optic White 100 g \u2013 Mauve<\/strong><br data-start=\"169\" data-end=\"172\" \/>Une p\u00e2te dentifrice con\u00e7ue pour <strong data-start=\"204\" data-end=\"237\">blanchir les dents en douceur<\/strong> tout en prot\u00e9geant l\u2019\u00e9mail \ud83c\udf3f\u2728. Tr\u00e8s populaire \u00e0 l\u2019international et reconnue sur les r\u00e9seaux sociaux pour ses r\u00e9sultats visibles, elle aide \u00e0 \u00e9liminer les taches superficielles et \u00e0 offrir un <strong data-start=\"430\" data-end=\"450\">sourire \u00e9clatant<\/strong>.<br data-start=\"451\" data-end=\"454\" \/>Le format 100 g est id\u00e9al pour un usage quotidien et constitue un <strong data-start=\"520\" data-end=\"568\">produit incontournable \u00e0 proposer en magasin<\/strong> pour r\u00e9pondre \u00e0 une client\u00e8le soucieuse d\u2019allier efficacit\u00e9 et esth\u00e9tique dentaire.<\/p>\n","protected":false},"excerpt":{"rendered":"<p>Carton de 48 : 12 000 FHT<\/p>\n<p>TGC: 11%<\/p>\n<p>Photo non contractuelle<\/p>\n","protected":false},"featured_media":99,"comment_status":"open","ping_status":"closed","template":"","meta":[],"product_brand":[28],"product_cat":[24,23],"product_tag":[],"class_list":{"0":"post-98","1":"product","2":"type-product","3":"status-publish","4":"has-post-thumbnail","6":"product_brand-colgate","7":"product_cat-hygienes-dentaires","8":"product_cat-produits-dhygienes","10":"first","11":"instock","12":"taxable","13":"shipping-taxable","14":"product-type-simple"},"jetpack_sharing_enabled":true,"_links":{"self":[{"href":"https:\/\/dc-distribution.pro\/index.php?rest_route=\/wp\/v2\/product\/98","targetHints":{"allow":["GET"]}}],"collection":[{"href":"https:\/\/dc-distribution.pro\/index.php?rest_route=\/wp\/v2\/product"}],"about":[{"href":"https:\/\/dc-distribution.pro\/index.php?rest_route=\/wp\/v2\/types\/product"}],"replies":[{"embeddable":true,"href":"https:\/\/dc-distribution.pro\/index.php?rest_route=%2Fwp%2Fv2%2Fcomments&post=98"}],"wp:featuredmedia":[{"embeddable":true,"href":"https:\/\/dc-distribution.pro\/index.php?rest_route=\/wp\/v2\/media\/99"}],"wp:attachment":[{"href":"https:\/\/dc-distribution.pro\/index.php?rest_route=%2Fwp%2Fv2%2Fmedia&parent=98"}],"wp:term":[{"taxonomy":"product_brand","embeddable":true,"href":"https:\/\/dc-distribution.pro\/index.php?rest_route=%2Fwp%2Fv2%2Fproduct_brand&post=98"},{"taxonomy":"product_cat","embeddable":true,"href":"https:\/\/dc-distribution.pro\/index.php?rest_route=%2Fwp%2Fv2%2Fproduct_cat&post=98"},{"taxonomy":"product_tag","embeddable":true,"href":"https:\/\/dc-distribution.pro\/index.php?rest_route=%2Fwp%2Fv2%2Fproduct_tag&post=98"}],"curies":[{"name":"wp","href":"https:\/\/api.w.org\/{rel}","templated":true}]}}